{"id":16301,"date":"2022-09-29T14:40:01","date_gmt":"2022-09-29T14:40:01","guid":{"rendered":"https:\/\/stockagile.com\/request-a-call\/"},"modified":"2025-01-22T22:39:14","modified_gmt":"2025-01-22T22:39:14","slug":"request-a-call","status":"publish","type":"page","link":"https:\/\/stockagile.com\/en\/request-a-call\/","title":{"rendered":"Request a call"},"content":{"rendered":"\t\t<div data-elementor-type=\"wp-page\" data-elementor-id=\"16301\" class=\"elementor elementor-16301 elementor-11623\" data-elementor-post-type=\"page\">\n\t\t\t\t<div class=\"elementor-element elementor-element-d8290a8 e-flex e-con-boxed e-con e-parent\" data-id=\"d8290a8\" data-element_type=\"container\" data-e-type=\"container\" data-settings=\"{&quot;background_background&quot;:&quot;classic&quot;}\">\n\t\t\t\t\t<div class=\"e-con-inner\">\n\t\t<div class=\"elementor-element elementor-element-a9ee076 e-con-full e-flex e-con e-child\" data-id=\"a9ee076\" data-element_type=\"container\" data-e-type=\"container\">\n\t\t\t\t<div class=\"elementor-element elementor-element-062380e elementor-position-inline-start elementor-mobile-position-inline-start elementor-view-default elementor-widget elementor-widget-icon-box\" data-id=\"062380e\" data-element_type=\"widget\" data-e-type=\"widget\" data-widget_type=\"icon-box.default\">\n\t\t\t\t<div class=\"elementor-widget-container\">\n\t\t\t\t\t\t\t<div class=\"elementor-icon-box-wrapper\">\n\n\t\t\t\t\t\t<div class=\"elementor-icon-box-icon\">\n\t\t\t\t<span  class=\"elementor-icon\">\n\t\t\t\t<i aria-hidden=\"true\" class=\"fas fa-phone-alt\"><\/i>\t\t\t\t<\/span>\n\t\t\t<\/div>\n\t\t\t\n\t\t\t\t\t\t<div class=\"elementor-icon-box-content\">\n\n\t\t\t\t\t\t\t\t\t<h1 class=\"elementor-icon-box-title\">\n\t\t\t\t\t\t<span  >\n\t\t\t\t\t\t\tEnter your data and we will call you back\t\t\t\t\t\t<\/span>\n\t\t\t\t\t<\/h1>\n\t\t\t\t\n\t\t\t\t\n\t\t\t<\/div>\n\t\t\t\n\t\t<\/div>\n\t\t\t\t\t\t<\/div>\n\t\t\t\t<\/div>\n\t\t\t\t<div class=\"elementor-element elementor-element-8eb35c4 elementor-widget elementor-widget-text-editor\" data-id=\"8eb35c4\" data-element_type=\"widget\" data-e-type=\"widget\" data-widget_type=\"text-editor.default\">\n\t\t\t\t<div class=\"elementor-widget-container\">\n\t\t\t\t\t\t\t\t\t<p>Fill out the form and one of our specialists will call you to show you how Stockagile can help you maximize the profitability of your business:<\/p>\n\t\t\t\t\t\t\t\t<\/div>\n\t\t\t\t<\/div>\n\t\t\t\t<div class=\"elementor-element elementor-element-062d3b1 elementor-widget-mobile__width-inherit elementor-widget elementor-widget-html\" data-id=\"062d3b1\" data-element_type=\"widget\" data-e-type=\"widget\" data-widget_type=\"html.default\">\n\t\t\t\t<div class=\"elementor-widget-container\">\n\t\t\t\t\t<script charset=\"utf-8\" type=\"text\/javascript\" src=\"\/\/js-eu1.hsforms.net\/forms\/embed\/v2.js\"><\/script>\n<script>\n  hbspt.forms.create({\n    region: \"eu1\",\n    portalId: \"143825309\",\n    formId: \"b9472c49-be27-432b-b703-b7763992aae4\"\n  });\n<\/script>\t\t\t\t<\/div>\n\t\t\t\t<\/div>\n\t\t\t\t<\/div>\n\t\t<div class=\"elementor-element elementor-element-6b342fc e-con-full e-flex e-con e-child\" data-id=\"6b342fc\" data-element_type=\"container\" data-e-type=\"container\">\n\t\t\t\t<div class=\"elementor-element elementor-element-bfc81ba elementor-position-inline-start elementor-mobile-position-inline-start elementor-view-default elementor-widget elementor-widget-icon-box\" data-id=\"bfc81ba\" data-element_type=\"widget\" data-e-type=\"widget\" data-widget_type=\"icon-box.default\">\n\t\t\t\t<div class=\"elementor-widget-container\">\n\t\t\t\t\t\t\t<div class=\"elementor-icon-box-wrapper\">\n\n\t\t\t\t\t\t<div class=\"elementor-icon-box-icon\">\n\t\t\t\t<span  class=\"elementor-icon\">\n\t\t\t\t<i aria-hidden=\"true\" class=\"far fa-calendar-alt\"><\/i>\t\t\t\t<\/span>\n\t\t\t<\/div>\n\t\t\t\n\t\t\t\t\t\t<div class=\"elementor-icon-box-content\">\n\n\t\t\t\t\t\t\t\t\t<h3 class=\"elementor-icon-box-title\">\n\t\t\t\t\t\t<span  >\n\t\t\t\t\t\t\tBook a demonstration\t\t\t\t\t\t<\/span>\n\t\t\t\t\t<\/h3>\n\t\t\t\t\n\t\t\t\t\n\t\t\t<\/div>\n\t\t\t\n\t\t<\/div>\n\t\t\t\t\t\t<\/div>\n\t\t\t\t<\/div>\n\t\t\t\t<div class=\"elementor-element elementor-element-8d91a4b elementor-icon-list--layout-traditional elementor-list-item-link-full_width elementor-widget elementor-widget-icon-list\" data-id=\"8d91a4b\" data-element_type=\"widget\" data-e-type=\"widget\" data-widget_type=\"icon-list.default\">\n\t\t\t\t<div class=\"elementor-widget-container\">\n\t\t\t\t\t\t\t<ul class=\"elementor-icon-list-items\">\n\t\t\t\t\t\t\t<li class=\"elementor-icon-list-item\">\n\t\t\t\t\t\t\t\t\t\t<span class=\"elementor-icon-list-text\">Book a demo on the calendar and we'll connect with you to show you how working with Stockagile will improve your day-to-day life.<\/span>\n\t\t\t\t\t\t\t\t\t<\/li>\n\t\t\t\t\t\t<\/ul>\n\t\t\t\t\t\t<\/div>\n\t\t\t\t<\/div>\n\t\t\t\t<div class=\"elementor-element elementor-element-d8dfd7d elementor-mobile-align-left elementor-widget elementor-widget-button\" data-id=\"d8dfd7d\" data-element_type=\"widget\" data-e-type=\"widget\" data-widget_type=\"button.default\">\n\t\t\t\t<div class=\"elementor-widget-container\">\n\t\t\t\t\t\t\t\t\t<div class=\"elementor-button-wrapper\">\n\t\t\t\t\t<a class=\"elementor-button elementor-button-link elementor-size-sm\" href=\"https:\/\/stockagile.com\/en\/demo-request\/\">\n\t\t\t\t\t\t<span class=\"elementor-button-content-wrapper\">\n\t\t\t\t\t\t\t\t\t<span class=\"elementor-button-text\">Demo request<\/span>\n\t\t\t\t\t<\/span>\n\t\t\t\t\t<\/a>\n\t\t\t\t<\/div>\n\t\t\t\t\t\t\t\t<\/div>\n\t\t\t\t<\/div>\n\t\t\t\t<\/div>\n\t\t\t\t\t<\/div>\n\t\t\t\t<\/div>\n\t\t<div class=\"elementor-element elementor-element-f2a3456 e-flex e-con-boxed e-con e-child\" data-id=\"f2a3456\" data-element_type=\"container\" data-e-type=\"container\" data-settings=\"{&quot;background_background&quot;:&quot;classic&quot;}\">\n\t\t\t\t\t<div class=\"e-con-inner\">\n\t\t<div class=\"elementor-element elementor-element-ccbeac1 e-flex e-con-boxed e-con e-child\" data-id=\"ccbeac1\" data-element_type=\"container\" data-e-type=\"container\">\n\t\t\t\t\t<div class=\"e-con-inner\">\n\t\t\t\t<div class=\"elementor-element elementor-element-b304a11 elementor-widget elementor-widget-heading\" data-id=\"b304a11\" data-element_type=\"widget\" data-e-type=\"widget\" data-widget_type=\"heading.default\">\n\t\t\t\t<div class=\"elementor-widget-container\">\n\t\t\t\t\t<h2 class=\"elementor-heading-title elementor-size-default\">5%<\/h2>\t\t\t\t<\/div>\n\t\t\t\t<\/div>\n\t\t\t\t<div class=\"elementor-element elementor-element-e008cf3 elementor-widget__width-initial elementor-widget elementor-widget-text-editor\" data-id=\"e008cf3\" data-element_type=\"widget\" data-e-type=\"widget\" data-widget_type=\"text-editor.default\">\n\t\t\t\t<div class=\"elementor-widget-container\">\n\t\t\t\t\t\t\t\t\t<p>Increased sales.<\/p>\n\t\t\t\t\t\t\t\t<\/div>\n\t\t\t\t<\/div>\n\t\t\t\t\t<\/div>\n\t\t\t\t<\/div>\n\t\t<div class=\"elementor-element elementor-element-4f3bd23 e-flex e-con-boxed e-con e-child\" data-id=\"4f3bd23\" data-element_type=\"container\" data-e-type=\"container\">\n\t\t\t\t\t<div class=\"e-con-inner\">\n\t\t\t\t<div class=\"elementor-element elementor-element-5797bbf elementor-widget elementor-widget-heading\" data-id=\"5797bbf\" data-element_type=\"widget\" data-e-type=\"widget\" data-widget_type=\"heading.default\">\n\t\t\t\t<div class=\"elementor-widget-container\">\n\t\t\t\t\t<h2 class=\"elementor-heading-title elementor-size-default\">30%<\/h2>\t\t\t\t<\/div>\n\t\t\t\t<\/div>\n\t\t\t\t<div class=\"elementor-element elementor-element-5364d49 elementor-widget__width-initial elementor-widget elementor-widget-text-editor\" data-id=\"5364d49\" data-element_type=\"widget\" data-e-type=\"widget\" data-widget_type=\"text-editor.default\">\n\t\t\t\t<div class=\"elementor-widget-container\">\n\t\t\t\t\t\t\t\t\t<p>Cost reduction.<\/p>\n\t\t\t\t\t\t\t\t<\/div>\n\t\t\t\t<\/div>\n\t\t\t\t\t<\/div>\n\t\t\t\t<\/div>\n\t\t<div class=\"elementor-element elementor-element-8e13f51 e-flex e-con-boxed e-con e-child\" data-id=\"8e13f51\" data-element_type=\"container\" data-e-type=\"container\">\n\t\t\t\t\t<div class=\"e-con-inner\">\n\t\t\t\t<div class=\"elementor-element elementor-element-cefdde2 elementor-widget elementor-widget-heading\" data-id=\"cefdde2\" data-element_type=\"widget\" data-e-type=\"widget\" data-widget_type=\"heading.default\">\n\t\t\t\t<div class=\"elementor-widget-container\">\n\t\t\t\t\t<h2 class=\"elementor-heading-title elementor-size-default\">x3<\/h2>\t\t\t\t<\/div>\n\t\t\t\t<\/div>\n\t\t\t\t<div class=\"elementor-element elementor-element-45fbe40 elementor-widget__width-initial elementor-widget elementor-widget-text-editor\" data-id=\"45fbe40\" data-element_type=\"widget\" data-e-type=\"widget\" data-widget_type=\"text-editor.default\">\n\t\t\t\t<div class=\"elementor-widget-container\">\n\t\t\t\t\t\t\t\t\t<p>Fast fulfillment.<\/p>\n\t\t\t\t\t\t\t\t<\/div>\n\t\t\t\t<\/div>\n\t\t\t\t\t<\/div>\n\t\t\t\t<\/div>\n\t\t<div class=\"elementor-element elementor-element-db71d2a e-flex e-con-boxed e-con e-child\" data-id=\"db71d2a\" data-element_type=\"container\" data-e-type=\"container\">\n\t\t\t\t\t<div class=\"e-con-inner\">\n\t\t\t\t<div class=\"elementor-element elementor-element-4d7ff7a elementor-widget elementor-widget-heading\" data-id=\"4d7ff7a\" data-element_type=\"widget\" data-e-type=\"widget\" data-widget_type=\"heading.default\">\n\t\t\t\t<div class=\"elementor-widget-container\">\n\t\t\t\t\t<h2 class=\"elementor-heading-title elementor-size-default\">40%<\/h2>\t\t\t\t<\/div>\n\t\t\t\t<\/div>\n\t\t\t\t<div class=\"elementor-element elementor-element-38ff375 elementor-widget__width-initial elementor-widget elementor-widget-text-editor\" data-id=\"38ff375\" data-element_type=\"widget\" data-e-type=\"widget\" data-widget_type=\"text-editor.default\">\n\t\t\t\t<div class=\"elementor-widget-container\">\n\t\t\t\t\t\t\t\t\t<p>Time savings.<\/p>\n\t\t\t\t\t\t\t\t<\/div>\n\t\t\t\t<\/div>\n\t\t\t\t\t<\/div>\n\t\t\t\t<\/div>\n\t\t<div class=\"elementor-element elementor-element-0b34c6f e-flex e-con-boxed e-con e-child\" data-id=\"0b34c6f\" data-element_type=\"container\" data-e-type=\"container\">\n\t\t\t\t\t<div class=\"e-con-inner\">\n\t\t\t\t<div class=\"elementor-element elementor-element-4a6904f elementor-widget elementor-widget-heading\" data-id=\"4a6904f\" data-element_type=\"widget\" data-e-type=\"widget\" data-widget_type=\"heading.default\">\n\t\t\t\t<div class=\"elementor-widget-container\">\n\t\t\t\t\t<h2 class=\"elementor-heading-title elementor-size-default\">70%<\/h2>\t\t\t\t<\/div>\n\t\t\t\t<\/div>\n\t\t\t\t<div class=\"elementor-element elementor-element-21777ec elementor-widget__width-initial elementor-widget elementor-widget-text-editor\" data-id=\"21777ec\" data-element_type=\"widget\" data-e-type=\"widget\" data-widget_type=\"text-editor.default\">\n\t\t\t\t<div class=\"elementor-widget-container\">\n\t\t\t\t\t\t\t\t\t<p>Error reduction.<\/p>\n\t\t\t\t\t\t\t\t<\/div>\n\t\t\t\t<\/div>\n\t\t\t\t\t<\/div>\n\t\t\t\t<\/div>\n\t\t\t\t\t<\/div>\n\t\t\t\t<\/div>\n\t\t<div class=\"elementor-element elementor-element-b5db82d e-flex e-con-boxed e-con e-parent\" data-id=\"b5db82d\" data-element_type=\"container\" data-e-type=\"container\">\n\t\t\t\t\t<div class=\"e-con-inner\">\n\t\t<div class=\"elementor-element elementor-element-6ebf0e4 e-flex e-con-boxed e-con e-child\" data-id=\"6ebf0e4\" data-element_type=\"container\" data-e-type=\"container\">\n\t\t\t\t\t<div class=\"e-con-inner\">\n\t\t\t\t<div class=\"elementor-element elementor-element-de8e3e0 elementor-widget__width-initial elementor-widget elementor-widget-heading\" data-id=\"de8e3e0\" data-element_type=\"widget\" data-e-type=\"widget\" data-widget_type=\"heading.default\">\n\t\t\t\t<div class=\"elementor-widget-container\">\n\t\t\t\t\t<h2 class=\"elementor-heading-title elementor-size-default\">An agile <span style=\"color:#4A5FF0\">and secure<\/span> implementation service<\/h2>\t\t\t\t<\/div>\n\t\t\t\t<\/div>\n\t\t\t\t<div class=\"elementor-element elementor-element-2c79a73 elementor-widget__width-initial elementor-widget elementor-widget-text-editor\" data-id=\"2c79a73\" data-element_type=\"widget\" data-e-type=\"widget\" data-widget_type=\"text-editor.default\">\n\t\t\t\t<div class=\"elementor-widget-container\">\n\t\t\t\t\t\t\t\t\t<p>We have designed a unique retail-focused implementation methodology for you to experience a fast, secure and smooth process.<\/p>\n\t\t\t\t\t\t\t\t<\/div>\n\t\t\t\t<\/div>\n\t\t\t\t\t<\/div>\n\t\t\t\t<\/div>\n\t\t<div class=\"elementor-element elementor-element-e1d9942 e-flex e-con-boxed e-con e-child\" data-id=\"e1d9942\" data-element_type=\"container\" data-e-type=\"container\" data-settings=\"{&quot;background_background&quot;:&quot;classic&quot;}\">\n\t\t\t\t\t<div class=\"e-con-inner\">\n\t\t<div class=\"elementor-element elementor-element-3ecfe1e e-con-full e-flex e-con e-child\" data-id=\"3ecfe1e\" data-element_type=\"container\" data-e-type=\"container\">\n\t\t\t\t<div class=\"elementor-element elementor-element-5e12370 elementor-widget elementor-widget-heading\" data-id=\"5e12370\" data-element_type=\"widget\" data-e-type=\"widget\" data-widget_type=\"heading.default\">\n\t\t\t\t<div class=\"elementor-widget-container\">\n\t\t\t\t\t<h2 class=\"elementor-heading-title elementor-size-default\">Starts in just <span style=\"color:#4A5FF0\">15 days <\/span> <\/h2>\t\t\t\t<\/div>\n\t\t\t\t<\/div>\n\t\t\t\t<div class=\"elementor-element elementor-element-410ede4 elementor-widget elementor-widget-text-editor\" data-id=\"410ede4\" data-element_type=\"widget\" data-e-type=\"widget\" data-widget_type=\"text-editor.default\">\n\t\t\t\t<div class=\"elementor-widget-container\">\n\t\t\t\t\t\t\t\t\t<p>You can start managing your business with Stockagile in as little as 15 days. Maximum up to 90 days for large companies.<\/p>\n\t\t\t\t\t\t\t\t<\/div>\n\t\t\t\t<\/div>\n\t\t\t\t<div class=\"elementor-element elementor-element-ab2e5f6 elementor-widget elementor-widget-image\" data-id=\"ab2e5f6\" data-element_type=\"widget\" data-e-type=\"widget\" data-widget_type=\"image.default\">\n\t\t\t\t<div class=\"elementor-widget-container\">\n\t\t\t\t\t\t\t\t\t\t\t\t\t\t\t<img decoding=\"async\" loading=\"lazy\" src=\"https:\/\/stockagile.com\/wp-content\/uploads\/2024\/02\/Group-7709.svg\" title=\"Calendario de Seguimiento de Actividades\" alt=\"Imagen de un calendario de seguimiento de actividades con m\u00faltiples filas y columnas, marcando el progreso mediante puntos y barras de estado.\" \/>\t\t\t\t\t\t\t\t\t\t\t\t\t\t\t<\/div>\n\t\t\t\t<\/div>\n\t\t\t\t<\/div>\n\t\t<div class=\"elementor-element elementor-element-8eb2fac e-con-full e-flex e-con e-child\" data-id=\"8eb2fac\" data-element_type=\"container\" data-e-type=\"container\">\n\t\t\t\t<div class=\"elementor-element elementor-element-0e4d8c5 elementor-widget elementor-widget-heading\" data-id=\"0e4d8c5\" data-element_type=\"widget\" data-e-type=\"widget\" data-widget_type=\"heading.default\">\n\t\t\t\t<div class=\"elementor-widget-container\">\n\t\t\t\t\t<h2 class=\"elementor-heading-title elementor-size-default\"><span style=\"color:#4A5FF0\">99% success <\/span> rate<\/h2>\t\t\t\t<\/div>\n\t\t\t\t<\/div>\n\t\t\t\t<div class=\"elementor-element elementor-element-84ac4a0 elementor-widget elementor-widget-text-editor\" data-id=\"84ac4a0\" data-element_type=\"widget\" data-e-type=\"widget\" data-widget_type=\"text-editor.default\">\n\t\t\t\t<div class=\"elementor-widget-container\">\n\t\t\t\t\t\t\t\t\t<p>Our implementation success rate is 99%, thanks to a process developed and managed by our technical experts.  <\/p>\n\t\t\t\t\t\t\t\t<\/div>\n\t\t\t\t<\/div>\n\t\t\t\t<div class=\"elementor-element elementor-element-8841ce0 elementor-widget elementor-widget-image\" data-id=\"8841ce0\" data-element_type=\"widget\" data-e-type=\"widget\" data-widget_type=\"image.default\">\n\t\t\t\t<div class=\"elementor-widget-container\">\n\t\t\t\t\t\t\t\t\t\t\t\t\t\t\t<img decoding=\"async\" loading=\"lazy\" src=\"https:\/\/stockagile.com\/wp-content\/uploads\/2024\/02\/Group-7707.svg\" title=\"Proceso de Tareas Completadas\" alt=\"Imagen de un flujo de proceso en tres pasos, representado por flechas de colores que culminan en un icono de verificaci\u00f3n, indicando la finalizaci\u00f3n de tareas o etapas.\" \/>\t\t\t\t\t\t\t\t\t\t\t\t\t\t\t<\/div>\n\t\t\t\t<\/div>\n\t\t\t\t<\/div>\n\t\t<div class=\"elementor-element elementor-element-16069c3 e-con-full e-flex e-con e-child\" data-id=\"16069c3\" data-element_type=\"container\" data-e-type=\"container\">\n\t\t\t\t<div class=\"elementor-element elementor-element-b6c0185 elementor-widget elementor-widget-heading\" data-id=\"b6c0185\" data-element_type=\"widget\" data-e-type=\"widget\" data-widget_type=\"heading.default\">\n\t\t\t\t<div class=\"elementor-widget-container\">\n\t\t\t\t\t<h2 class=\"elementor-heading-title elementor-size-default\"><span style=\"color:#4A5FF0\">60% of KPIs <\/span>in 3 months<\/h2>\t\t\t\t<\/div>\n\t\t\t\t<\/div>\n\t\t\t\t<div class=\"elementor-element elementor-element-e528c68 elementor-widget elementor-widget-text-editor\" data-id=\"e528c68\" data-element_type=\"widget\" data-e-type=\"widget\" data-widget_type=\"text-editor.default\">\n\t\t\t\t<div class=\"elementor-widget-container\">\n\t\t\t\t\t\t\t\t\t<p>Our agile methodology is designed to maximize performance from day one, accelerating your results.<\/p>\n\t\t\t\t\t\t\t\t<\/div>\n\t\t\t\t<\/div>\n\t\t\t\t<div class=\"elementor-element elementor-element-bff2bdd elementor-widget elementor-widget-image\" data-id=\"bff2bdd\" data-element_type=\"widget\" data-e-type=\"widget\" data-widget_type=\"image.default\">\n\t\t\t\t<div class=\"elementor-widget-container\">\n\t\t\t\t\t\t\t\t\t\t\t\t\t\t\t<img decoding=\"async\" loading=\"lazy\" src=\"https:\/\/stockagile.com\/wp-content\/uploads\/2024\/02\/Group-4513-2.svg\" title=\"Gr\u00e1fico de Crecimiento Trimestral\" alt=\"Gr\u00e1fico de l\u00edneas que muestra el crecimiento porcentual trimestral en tres meses (M1, M2, M3), con una l\u00ednea ascendente que representa un aumento progresivo en el porcentaje.\" \/>\t\t\t\t\t\t\t\t\t\t\t\t\t\t\t<\/div>\n\t\t\t\t<\/div>\n\t\t\t\t<\/div>\n\t\t\t\t\t<\/div>\n\t\t\t\t<\/div>\n\t\t\t\t\t<\/div>\n\t\t\t\t<\/div>\n\t\t\t\t<\/div>\n\t\t","protected":false},"excerpt":{"rendered":"<p>Enter your data and we will call you back Fill out the form and one of our specialists will call you to show you how Stockagile can help you maximize the profitability of your business: Book a demonstration Book a demo on the calendar and we&#8217;ll connect with you to show you how working with&hellip; <a class=\"more-link\" href=\"https:\/\/stockagile.com\/en\/request-a-call\/\">Continue reading <span class=\"screen-reader-text\">Request a call<\/span><\/a><\/p>\n","protected":false},"author":8,"featured_media":15360,"parent":0,"menu_order":0,"comment_status":"closed","ping_status":"closed","template":"","meta":{"footnotes":""},"class_list":["post-16301","page","type-page","status-publish","has-post-thumbnail","hentry","entry"],"yoast_head":"<!-- This site is optimized with the Yoast SEO plugin v27.4 - https:\/\/yoast.com\/product\/yoast-seo-wordpress\/ -->\n<title>Request a call | Stockagile<\/title>\n<meta name=\"description\" content=\"Fill in the contact form so that the sales team can attend to your request in a personalized way.\" \/>\n<meta name=\"robots\" content=\"index, follow, max-snippet:-1, max-image-preview:large, max-video-preview:-1\" \/>\n<link rel=\"canonical\" href=\"https:\/\/stockagile.com\/en\/request-a-call\/\" \/>\n<meta property=\"og:locale\" content=\"en_US\" \/>\n<meta property=\"og:type\" content=\"article\" \/>\n<meta property=\"og:title\" content=\"Request a call | Stockagile\" \/>\n<meta property=\"og:description\" content=\"Fill in the contact form so that the sales team can attend to your request in a personalized way.\" \/>\n<meta property=\"og:url\" content=\"https:\/\/stockagile.com\/en\/request-a-call\/\" \/>\n<meta property=\"og:site_name\" content=\"Stockagile\" \/>\n<meta property=\"article:modified_time\" content=\"2025-01-22T22:39:14+00:00\" \/>\n<meta property=\"og:image\" content=\"https:\/\/stockagile.com\/wp-content\/uploads\/2022\/06\/istockphoto-903568822-612x612-1.jpeg\" \/>\n\t<meta property=\"og:image:width\" content=\"612\" \/>\n\t<meta property=\"og:image:height\" content=\"408\" \/>\n\t<meta property=\"og:image:type\" content=\"image\/jpeg\" \/>\n<meta name=\"twitter:card\" content=\"summary_large_image\" \/>\n<meta name=\"twitter:label1\" content=\"Est. reading time\" \/>\n\t<meta name=\"twitter:data1\" content=\"2 minutes\" \/>\n<script type=\"application\/ld+json\" class=\"yoast-schema-graph\">{\"@context\":\"https:\\\/\\\/schema.org\",\"@graph\":[{\"@type\":\"WebPage\",\"@id\":\"https:\\\/\\\/stockagile.com\\\/en\\\/request-a-call\\\/\",\"url\":\"https:\\\/\\\/stockagile.com\\\/en\\\/request-a-call\\\/\",\"name\":\"Request a call | Stockagile\",\"isPartOf\":{\"@id\":\"https:\\\/\\\/stockagile.com\\\/en\\\/#website\"},\"primaryImageOfPage\":{\"@id\":\"https:\\\/\\\/stockagile.com\\\/en\\\/request-a-call\\\/#primaryimage\"},\"image\":{\"@id\":\"https:\\\/\\\/stockagile.com\\\/en\\\/request-a-call\\\/#primaryimage\"},\"thumbnailUrl\":\"https:\\\/\\\/stockagile.com\\\/wp-content\\\/uploads\\\/2022\\\/06\\\/istockphoto-903568822-612x612-1.jpeg\",\"datePublished\":\"2022-09-29T14:40:01+00:00\",\"dateModified\":\"2025-01-22T22:39:14+00:00\",\"description\":\"Fill in the contact form so that the sales team can attend to your request in a personalized way.\",\"breadcrumb\":{\"@id\":\"https:\\\/\\\/stockagile.com\\\/en\\\/request-a-call\\\/#breadcrumb\"},\"inLanguage\":\"en-US\",\"potentialAction\":[{\"@type\":\"ReadAction\",\"target\":[\"https:\\\/\\\/stockagile.com\\\/en\\\/request-a-call\\\/\"]}]},{\"@type\":\"ImageObject\",\"inLanguage\":\"en-US\",\"@id\":\"https:\\\/\\\/stockagile.com\\\/en\\\/request-a-call\\\/#primaryimage\",\"url\":\"https:\\\/\\\/stockagile.com\\\/wp-content\\\/uploads\\\/2022\\\/06\\\/istockphoto-903568822-612x612-1.jpeg\",\"contentUrl\":\"https:\\\/\\\/stockagile.com\\\/wp-content\\\/uploads\\\/2022\\\/06\\\/istockphoto-903568822-612x612-1.jpeg\",\"width\":612,\"height\":408,\"caption\":\"How can I help you? Beautiful call center workers in headphones are working at modern office.\"},{\"@type\":\"BreadcrumbList\",\"@id\":\"https:\\\/\\\/stockagile.com\\\/en\\\/request-a-call\\\/#breadcrumb\",\"itemListElement\":[{\"@type\":\"ListItem\",\"position\":1,\"name\":\"Blog\",\"item\":\"https:\\\/\\\/stockagile.com\\\/en\\\/\"},{\"@type\":\"ListItem\",\"position\":2,\"name\":\"Request a call\"}]},{\"@type\":\"WebSite\",\"@id\":\"https:\\\/\\\/stockagile.com\\\/en\\\/#website\",\"url\":\"https:\\\/\\\/stockagile.com\\\/en\\\/\",\"name\":\"Stockagile\",\"description\":\"Gesti\u00f3n \u00e1gil de marcas, tiendas y mayoristas\",\"potentialAction\":[{\"@type\":\"SearchAction\",\"target\":{\"@type\":\"EntryPoint\",\"urlTemplate\":\"https:\\\/\\\/stockagile.com\\\/en\\\/?s={search_term_string}\"},\"query-input\":{\"@type\":\"PropertyValueSpecification\",\"valueRequired\":true,\"valueName\":\"search_term_string\"}}],\"inLanguage\":\"en-US\"}]}<\/script>\n<!-- \/ Yoast SEO plugin. -->","yoast_head_json":{"title":"Request a call | Stockagile","description":"Fill in the contact form so that the sales team can attend to your request in a personalized way.","robots":{"index":"index","follow":"follow","max-snippet":"max-snippet:-1","max-image-preview":"max-image-preview:large","max-video-preview":"max-video-preview:-1"},"canonical":"https:\/\/stockagile.com\/en\/request-a-call\/","og_locale":"en_US","og_type":"article","og_title":"Request a call | Stockagile","og_description":"Fill in the contact form so that the sales team can attend to your request in a personalized way.","og_url":"https:\/\/stockagile.com\/en\/request-a-call\/","og_site_name":"Stockagile","article_modified_time":"2025-01-22T22:39:14+00:00","og_image":[{"width":612,"height":408,"url":"https:\/\/stockagile.com\/wp-content\/uploads\/2022\/06\/istockphoto-903568822-612x612-1.jpeg","type":"image\/jpeg"}],"twitter_card":"summary_large_image","twitter_misc":{"Est. reading time":"2 minutes"},"schema":{"@context":"https:\/\/schema.org","@graph":[{"@type":"WebPage","@id":"https:\/\/stockagile.com\/en\/request-a-call\/","url":"https:\/\/stockagile.com\/en\/request-a-call\/","name":"Request a call | Stockagile","isPartOf":{"@id":"https:\/\/stockagile.com\/en\/#website"},"primaryImageOfPage":{"@id":"https:\/\/stockagile.com\/en\/request-a-call\/#primaryimage"},"image":{"@id":"https:\/\/stockagile.com\/en\/request-a-call\/#primaryimage"},"thumbnailUrl":"https:\/\/stockagile.com\/wp-content\/uploads\/2022\/06\/istockphoto-903568822-612x612-1.jpeg","datePublished":"2022-09-29T14:40:01+00:00","dateModified":"2025-01-22T22:39:14+00:00","description":"Fill in the contact form so that the sales team can attend to your request in a personalized way.","breadcrumb":{"@id":"https:\/\/stockagile.com\/en\/request-a-call\/#breadcrumb"},"inLanguage":"en-US","potentialAction":[{"@type":"ReadAction","target":["https:\/\/stockagile.com\/en\/request-a-call\/"]}]},{"@type":"ImageObject","inLanguage":"en-US","@id":"https:\/\/stockagile.com\/en\/request-a-call\/#primaryimage","url":"https:\/\/stockagile.com\/wp-content\/uploads\/2022\/06\/istockphoto-903568822-612x612-1.jpeg","contentUrl":"https:\/\/stockagile.com\/wp-content\/uploads\/2022\/06\/istockphoto-903568822-612x612-1.jpeg","width":612,"height":408,"caption":"How can I help you? Beautiful call center workers in headphones are working at modern office."},{"@type":"BreadcrumbList","@id":"https:\/\/stockagile.com\/en\/request-a-call\/#breadcrumb","itemListElement":[{"@type":"ListItem","position":1,"name":"Blog","item":"https:\/\/stockagile.com\/en\/"},{"@type":"ListItem","position":2,"name":"Request a call"}]},{"@type":"WebSite","@id":"https:\/\/stockagile.com\/en\/#website","url":"https:\/\/stockagile.com\/en\/","name":"Stockagile","description":"Gesti\u00f3n \u00e1gil de marcas, tiendas y mayoristas","potentialAction":[{"@type":"SearchAction","target":{"@type":"EntryPoint","urlTemplate":"https:\/\/stockagile.com\/en\/?s={search_term_string}"},"query-input":{"@type":"PropertyValueSpecification","valueRequired":true,"valueName":"search_term_string"}}],"inLanguage":"en-US"}]}},"_links":{"self":[{"href":"https:\/\/stockagile.com\/en\/wp-json\/wp\/v2\/pages\/16301","targetHints":{"allow":["GET"]}}],"collection":[{"href":"https:\/\/stockagile.com\/en\/wp-json\/wp\/v2\/pages"}],"about":[{"href":"https:\/\/stockagile.com\/en\/wp-json\/wp\/v2\/types\/page"}],"author":[{"embeddable":true,"href":"https:\/\/stockagile.com\/en\/wp-json\/wp\/v2\/users\/8"}],"replies":[{"embeddable":true,"href":"https:\/\/stockagile.com\/en\/wp-json\/wp\/v2\/comments?post=16301"}],"version-history":[{"count":0,"href":"https:\/\/stockagile.com\/en\/wp-json\/wp\/v2\/pages\/16301\/revisions"}],"wp:featuredmedia":[{"embeddable":true,"href":"https:\/\/stockagile.com\/en\/wp-json\/wp\/v2\/media\/15360"}],"wp:attachment":[{"href":"https:\/\/stockagile.com\/en\/wp-json\/wp\/v2\/media?parent=16301"}],"curies":[{"name":"wp","href":"https:\/\/api.w.org\/{rel}","templated":true}]}}