{"id":18362,"date":"2023-11-24T16:09:37","date_gmt":"2023-11-24T16:09:37","guid":{"rendered":"https:\/\/stockagile.com\/cheat-sheet-landing\/"},"modified":"2024-12-30T17:09:58","modified_gmt":"2024-12-30T17:09:58","slug":"cheat-sheet-landing","status":"publish","type":"page","link":"https:\/\/stockagile.com\/en\/cheat-sheet-landing\/","title":{"rendered":"Cheat Sheet-Landing"},"content":{"rendered":"\t\t<div data-elementor-type=\"wp-page\" data-elementor-id=\"18362\" class=\"elementor elementor-18362 elementor-17065\" data-elementor-post-type=\"page\">\n\t\t\t\t<div class=\"elementor-element elementor-element-51b40eb e-flex e-con-boxed e-con e-parent\" data-id=\"51b40eb\" data-element_type=\"container\" data-e-type=\"container\">\n\t\t\t\t\t<div class=\"e-con-inner\">\n\t\t<div class=\"elementor-element elementor-element-d6b28ad e-con-full e-flex e-con e-child\" data-id=\"d6b28ad\" data-element_type=\"container\" data-e-type=\"container\">\n\t\t\t\t<div class=\"elementor-element elementor-element-3638216 elementor-view-default elementor-widget elementor-widget-icon\" data-id=\"3638216\" data-element_type=\"widget\" data-e-type=\"widget\" data-widget_type=\"icon.default\">\n\t\t\t\t<div class=\"elementor-widget-container\">\n\t\t\t\t\t\t\t<div class=\"elementor-icon-wrapper\">\n\t\t\t<div class=\"elementor-icon\">\n\t\t\t<i aria-hidden=\"true\" class=\"far fa-file-alt\"><\/i>\t\t\t<\/div>\n\t\t<\/div>\n\t\t\t\t\t\t<\/div>\n\t\t\t\t<\/div>\n\t\t\t\t<div class=\"elementor-element elementor-element-3348cfa elementor-widget__width-initial elementor-widget elementor-widget-heading\" data-id=\"3348cfa\" data-element_type=\"widget\" data-e-type=\"widget\" data-widget_type=\"heading.default\">\n\t\t\t\t<div class=\"elementor-widget-container\">\n\t\t\t\t\t<h2 class=\"elementor-heading-title elementor-size-default\">Here's your cheat sheet for stock management!<\/h2>\t\t\t\t<\/div>\n\t\t\t\t<\/div>\n\t\t\t\t<div class=\"elementor-element elementor-element-9c1f1b3 elementor-widget__width-initial elementor-widget elementor-widget-text-editor\" data-id=\"9c1f1b3\" data-element_type=\"widget\" data-e-type=\"widget\" data-widget_type=\"text-editor.default\">\n\t\t\t\t<div class=\"elementor-widget-container\">\n\t\t\t\t\t\t\t\t\t<p>Thank you! Now just click on the download button to access:<\/p>\n\t\t\t\t\t\t\t\t<\/div>\n\t\t\t\t<\/div>\n\t\t\t\t<div class=\"elementor-element elementor-element-2e54050 elementor-align-center elementor-widget elementor-widget-button\" data-id=\"2e54050\" data-element_type=\"widget\" data-e-type=\"widget\" data-widget_type=\"button.default\">\n\t\t\t\t<div class=\"elementor-widget-container\">\n\t\t\t\t\t\t\t\t\t<div class=\"elementor-button-wrapper\">\n\t\t\t\t\t<a class=\"elementor-button elementor-button-link elementor-size-sm\" href=\"https:\/\/143825309.fs1.hubspotusercontent-eu1.net\/hubfs\/143825309\/Freebies\/cheat-sheet-stock-optimization-en.pdf\">\n\t\t\t\t\t\t<span class=\"elementor-button-content-wrapper\">\n\t\t\t\t\t\t<span class=\"elementor-button-icon\">\n\t\t\t\t<i aria-hidden=\"true\" class=\"fas fa-file-download\"><\/i>\t\t\t<\/span>\n\t\t\t\t\t\t\t\t\t<span class=\"elementor-button-text\">Download resource<\/span>\n\t\t\t\t\t<\/span>\n\t\t\t\t\t<\/a>\n\t\t\t\t<\/div>\n\t\t\t\t\t\t\t\t<\/div>\n\t\t\t\t<\/div>\n\t\t\t\t<\/div>\n\t\t<div class=\"elementor-element elementor-element-1cddf15 e-con-full e-flex e-con e-child\" data-id=\"1cddf15\" data-element_type=\"container\" data-e-type=\"container\" data-settings=\"{&quot;background_background&quot;:&quot;classic&quot;}\">\n\t\t\t\t<div class=\"elementor-element elementor-element-1870645 elementor-widget__width-initial elementor-widget elementor-widget-heading\" data-id=\"1870645\" data-element_type=\"widget\" data-e-type=\"widget\" data-widget_type=\"heading.default\">\n\t\t\t\t<div class=\"elementor-widget-container\">\n\t\t\t\t\t<h2 class=\"elementor-heading-title elementor-size-default\">Maximize the profitability of your business<\/h2>\t\t\t\t<\/div>\n\t\t\t\t<\/div>\n\t\t\t\t<div class=\"elementor-element elementor-element-69a2f2d elementor-widget__width-initial elementor-widget elementor-widget-text-editor\" data-id=\"69a2f2d\" data-element_type=\"widget\" data-e-type=\"widget\" data-widget_type=\"text-editor.default\">\n\t\t\t\t<div class=\"elementor-widget-container\">\n\t\t\t\t\t\t\t\t\t<p>Stockagile is the all-in-one retail software that drives the growth of multichannel retail businesses, optimizing all their operations.<\/p>\n\t\t\t\t\t\t\t\t<\/div>\n\t\t\t\t<\/div>\n\t\t\t\t<div class=\"elementor-element elementor-element-9dd6c3d elementor-align-left elementor-widget elementor-widget-button\" data-id=\"9dd6c3d\" data-element_type=\"widget\" data-e-type=\"widget\" data-widget_type=\"button.default\">\n\t\t\t\t<div class=\"elementor-widget-container\">\n\t\t\t\t\t\t\t\t\t<div class=\"elementor-button-wrapper\">\n\t\t\t\t\t<a class=\"elementor-button elementor-button-link elementor-size-sm\" href=\"https:\/\/stockagile.com\/en\/demo-request\/\">\n\t\t\t\t\t\t<span class=\"elementor-button-content-wrapper\">\n\t\t\t\t\t\t\t\t\t<span class=\"elementor-button-text\">Demo request<\/span>\n\t\t\t\t\t<\/span>\n\t\t\t\t\t<\/a>\n\t\t\t\t<\/div>\n\t\t\t\t\t\t\t\t<\/div>\n\t\t\t\t<\/div>\n\t\t\t\t<div class=\"elementor-element elementor-element-bdf4dc9 elementor-widget elementor-widget-image\" data-id=\"bdf4dc9\" data-element_type=\"widget\" data-e-type=\"widget\" data-widget_type=\"image.default\">\n\t\t\t\t<div class=\"elementor-widget-container\">\n\t\t\t\t\t\t\t\t\t\t\t\t\t\t\t<img decoding=\"async\" loading=\"lazy\" src=\"https:\/\/stockagile.com\/wp-content\/uploads\/2024\/01\/wireframe-stockagile-connections.svg\" title=\"Panel Principal de StockAgile\" alt=\"Captura de pantalla del panel principal de StockAgile, mostrando secciones para productos, anal\u00edtica con gr\u00e1ficos de barras y l\u00edneas, almacenes con ubicaciones, pedidos, punto de venta y opciones de CRM, facturaci\u00f3n, fabricaci\u00f3n e integraciones.\" \/>\t\t\t\t\t\t\t\t\t\t\t\t\t\t\t<\/div>\n\t\t\t\t<\/div>\n\t\t\t\t<\/div>\n\t\t\t\t\t<\/div>\n\t\t\t\t<\/div>\n\t\t\t\t<\/div>\n\t\t","protected":false},"excerpt":{"rendered":"<p>Here&#8217;s your cheat sheet for stock management! Thank you! Now just click on the download button to access: Download resource Maximize the profitability of your business Stockagile is the all-in-one retail software that drives the growth of multichannel retail businesses, optimizing all their operations. Demo request<\/p>\n","protected":false},"author":8,"featured_media":0,"parent":0,"menu_order":0,"comment_status":"closed","ping_status":"closed","template":"","meta":{"footnotes":""},"class_list":["post-18362","page","type-page","status-publish","hentry","entry"],"yoast_head":"<!-- This site is optimized with the Yoast SEO plugin v27.4 - https:\/\/yoast.com\/product\/yoast-seo-wordpress\/ -->\n<title>Cheat Sheet-Landing | Stockagile<\/title>\n<meta name=\"robots\" content=\"noindex, nofollow\" \/>\n<meta property=\"og:locale\" content=\"en_US\" \/>\n<meta property=\"og:type\" content=\"article\" \/>\n<meta property=\"og:title\" content=\"Cheat Sheet-Landing | Stockagile\" \/>\n<meta property=\"og:description\" content=\"Here&#8217;s your cheat sheet for stock management! Thank you! Now just click on the download button to access: Download resource Maximize the profitability of your business Stockagile is the all-in-one retail software that drives the growth of multichannel retail businesses, optimizing all their operations. Demo request\" \/>\n<meta property=\"og:url\" content=\"https:\/\/stockagile.com\/en\/cheat-sheet-landing\/\" \/>\n<meta property=\"og:site_name\" content=\"Stockagile\" \/>\n<meta property=\"article:modified_time\" content=\"2024-12-30T17:09:58+00:00\" \/>\n<meta property=\"og:image\" content=\"https:\/\/stockagile.com\/wp-content\/uploads\/2024\/01\/wireframe-stockagile-connections.svg\" \/>\n<meta name=\"twitter:card\" content=\"summary_large_image\" \/>\n<meta name=\"twitter:label1\" content=\"Est. reading time\" \/>\n\t<meta name=\"twitter:data1\" content=\"1 minute\" \/>\n<script type=\"application\/ld+json\" class=\"yoast-schema-graph\">{\"@context\":\"https:\\\/\\\/schema.org\",\"@graph\":[{\"@type\":\"WebPage\",\"@id\":\"https:\\\/\\\/stockagile.com\\\/en\\\/cheat-sheet-landing\\\/\",\"url\":\"https:\\\/\\\/stockagile.com\\\/en\\\/cheat-sheet-landing\\\/\",\"name\":\"Cheat Sheet-Landing | Stockagile\",\"isPartOf\":{\"@id\":\"https:\\\/\\\/stockagile.com\\\/en\\\/#website\"},\"primaryImageOfPage\":{\"@id\":\"https:\\\/\\\/stockagile.com\\\/en\\\/cheat-sheet-landing\\\/#primaryimage\"},\"image\":{\"@id\":\"https:\\\/\\\/stockagile.com\\\/en\\\/cheat-sheet-landing\\\/#primaryimage\"},\"thumbnailUrl\":\"https:\\\/\\\/stockagile.com\\\/wp-content\\\/uploads\\\/2024\\\/01\\\/wireframe-stockagile-connections.svg\",\"datePublished\":\"2023-11-24T16:09:37+00:00\",\"dateModified\":\"2024-12-30T17:09:58+00:00\",\"breadcrumb\":{\"@id\":\"https:\\\/\\\/stockagile.com\\\/en\\\/cheat-sheet-landing\\\/#breadcrumb\"},\"inLanguage\":\"en-US\",\"potentialAction\":[{\"@type\":\"ReadAction\",\"target\":[\"https:\\\/\\\/stockagile.com\\\/en\\\/cheat-sheet-landing\\\/\"]}]},{\"@type\":\"ImageObject\",\"inLanguage\":\"en-US\",\"@id\":\"https:\\\/\\\/stockagile.com\\\/en\\\/cheat-sheet-landing\\\/#primaryimage\",\"url\":\"https:\\\/\\\/stockagile.com\\\/wp-content\\\/uploads\\\/2024\\\/01\\\/wireframe-stockagile-connections.svg\",\"contentUrl\":\"https:\\\/\\\/stockagile.com\\\/wp-content\\\/uploads\\\/2024\\\/01\\\/wireframe-stockagile-connections.svg\"},{\"@type\":\"BreadcrumbList\",\"@id\":\"https:\\\/\\\/stockagile.com\\\/en\\\/cheat-sheet-landing\\\/#breadcrumb\",\"itemListElement\":[{\"@type\":\"ListItem\",\"position\":1,\"name\":\"Blog\",\"item\":\"https:\\\/\\\/stockagile.com\\\/en\\\/\"},{\"@type\":\"ListItem\",\"position\":2,\"name\":\"Cheat Sheet-Landing\"}]},{\"@type\":\"WebSite\",\"@id\":\"https:\\\/\\\/stockagile.com\\\/en\\\/#website\",\"url\":\"https:\\\/\\\/stockagile.com\\\/en\\\/\",\"name\":\"Stockagile\",\"description\":\"Gesti\u00f3n \u00e1gil de marcas, tiendas y mayoristas\",\"potentialAction\":[{\"@type\":\"SearchAction\",\"target\":{\"@type\":\"EntryPoint\",\"urlTemplate\":\"https:\\\/\\\/stockagile.com\\\/en\\\/?s={search_term_string}\"},\"query-input\":{\"@type\":\"PropertyValueSpecification\",\"valueRequired\":true,\"valueName\":\"search_term_string\"}}],\"inLanguage\":\"en-US\"}]}<\/script>\n<!-- \/ Yoast SEO plugin. -->","yoast_head_json":{"title":"Cheat Sheet-Landing | Stockagile","robots":{"index":"noindex","follow":"nofollow"},"og_locale":"en_US","og_type":"article","og_title":"Cheat Sheet-Landing | Stockagile","og_description":"Here&#8217;s your cheat sheet for stock management! Thank you! Now just click on the download button to access: Download resource Maximize the profitability of your business Stockagile is the all-in-one retail software that drives the growth of multichannel retail businesses, optimizing all their operations. Demo request","og_url":"https:\/\/stockagile.com\/en\/cheat-sheet-landing\/","og_site_name":"Stockagile","article_modified_time":"2024-12-30T17:09:58+00:00","og_image":[{"url":"https:\/\/stockagile.com\/wp-content\/uploads\/2024\/01\/wireframe-stockagile-connections.svg","type":"","width":"","height":""}],"twitter_card":"summary_large_image","twitter_misc":{"Est. reading time":"1 minute"},"schema":{"@context":"https:\/\/schema.org","@graph":[{"@type":"WebPage","@id":"https:\/\/stockagile.com\/en\/cheat-sheet-landing\/","url":"https:\/\/stockagile.com\/en\/cheat-sheet-landing\/","name":"Cheat Sheet-Landing | Stockagile","isPartOf":{"@id":"https:\/\/stockagile.com\/en\/#website"},"primaryImageOfPage":{"@id":"https:\/\/stockagile.com\/en\/cheat-sheet-landing\/#primaryimage"},"image":{"@id":"https:\/\/stockagile.com\/en\/cheat-sheet-landing\/#primaryimage"},"thumbnailUrl":"https:\/\/stockagile.com\/wp-content\/uploads\/2024\/01\/wireframe-stockagile-connections.svg","datePublished":"2023-11-24T16:09:37+00:00","dateModified":"2024-12-30T17:09:58+00:00","breadcrumb":{"@id":"https:\/\/stockagile.com\/en\/cheat-sheet-landing\/#breadcrumb"},"inLanguage":"en-US","potentialAction":[{"@type":"ReadAction","target":["https:\/\/stockagile.com\/en\/cheat-sheet-landing\/"]}]},{"@type":"ImageObject","inLanguage":"en-US","@id":"https:\/\/stockagile.com\/en\/cheat-sheet-landing\/#primaryimage","url":"https:\/\/stockagile.com\/wp-content\/uploads\/2024\/01\/wireframe-stockagile-connections.svg","contentUrl":"https:\/\/stockagile.com\/wp-content\/uploads\/2024\/01\/wireframe-stockagile-connections.svg"},{"@type":"BreadcrumbList","@id":"https:\/\/stockagile.com\/en\/cheat-sheet-landing\/#breadcrumb","itemListElement":[{"@type":"ListItem","position":1,"name":"Blog","item":"https:\/\/stockagile.com\/en\/"},{"@type":"ListItem","position":2,"name":"Cheat Sheet-Landing"}]},{"@type":"WebSite","@id":"https:\/\/stockagile.com\/en\/#website","url":"https:\/\/stockagile.com\/en\/","name":"Stockagile","description":"Gesti\u00f3n \u00e1gil de marcas, tiendas y mayoristas","potentialAction":[{"@type":"SearchAction","target":{"@type":"EntryPoint","urlTemplate":"https:\/\/stockagile.com\/en\/?s={search_term_string}"},"query-input":{"@type":"PropertyValueSpecification","valueRequired":true,"valueName":"search_term_string"}}],"inLanguage":"en-US"}]}},"_links":{"self":[{"href":"https:\/\/stockagile.com\/en\/wp-json\/wp\/v2\/pages\/18362","targetHints":{"allow":["GET"]}}],"collection":[{"href":"https:\/\/stockagile.com\/en\/wp-json\/wp\/v2\/pages"}],"about":[{"href":"https:\/\/stockagile.com\/en\/wp-json\/wp\/v2\/types\/page"}],"author":[{"embeddable":true,"href":"https:\/\/stockagile.com\/en\/wp-json\/wp\/v2\/users\/8"}],"replies":[{"embeddable":true,"href":"https:\/\/stockagile.com\/en\/wp-json\/wp\/v2\/comments?post=18362"}],"version-history":[{"count":0,"href":"https:\/\/stockagile.com\/en\/wp-json\/wp\/v2\/pages\/18362\/revisions"}],"wp:attachment":[{"href":"https:\/\/stockagile.com\/en\/wp-json\/wp\/v2\/media?parent=18362"}],"curies":[{"name":"wp","href":"https:\/\/api.w.org\/{rel}","templated":true}]}}