{"id":19626,"date":"2024-11-05T11:52:26","date_gmt":"2024-11-05T11:52:26","guid":{"rendered":"https:\/\/stockagile.com\/abc-analysis-for-inventory-management\/"},"modified":"2025-01-15T10:23:56","modified_gmt":"2025-01-15T10:23:56","slug":"abc-analysis-for-inventory-management","status":"publish","type":"page","link":"https:\/\/stockagile.com\/en\/abc-analysis-for-inventory-management\/","title":{"rendered":"ABC analysis for inventory management"},"content":{"rendered":"\t\t<div data-elementor-type=\"wp-page\" data-elementor-id=\"19626\" class=\"elementor elementor-19626 elementor-19176\" data-elementor-post-type=\"page\">\n\t\t\t\t<div class=\"elementor-element elementor-element-2b621b7d e-flex e-con-boxed e-con e-parent\" data-id=\"2b621b7d\" data-element_type=\"container\" data-e-type=\"container\" data-settings=\"{&quot;background_background&quot;:&quot;classic&quot;}\">\n\t\t\t\t\t<div class=\"e-con-inner\">\n\t\t<div class=\"elementor-element elementor-element-72558b9a e-con-full e-flex e-con e-child\" data-id=\"72558b9a\" data-element_type=\"container\" data-e-type=\"container\">\n\t\t\t\t<div class=\"elementor-element elementor-element-5484f046 elementor-widget elementor-widget-heading\" data-id=\"5484f046\" data-element_type=\"widget\" data-e-type=\"widget\" data-widget_type=\"heading.default\">\n\t\t\t\t<div class=\"elementor-widget-container\">\n\t\t\t\t\t<h1 class=\"elementor-heading-title elementor-size-default\">ABC analysis of products for inventory management<\/h1>\t\t\t\t<\/div>\n\t\t\t\t<\/div>\n\t\t\t\t<div class=\"elementor-element elementor-element-34019cc elementor-hidden-desktop elementor-widget elementor-widget-image\" data-id=\"34019cc\" data-element_type=\"widget\" data-e-type=\"widget\" data-widget_type=\"image.default\">\n\t\t\t\t<div class=\"elementor-widget-container\">\n\t\t\t\t\t\t\t\t\t\t\t\t\t\t\t<img decoding=\"async\" loading=\"lazy\" width=\"750\" height=\"543\" src=\"https:\/\/stockagile.com\/wp-content\/uploads\/2024\/11\/abc-analysis-mobile-es-1024x741.png\" class=\"attachment-large size-large wp-image-19385\" alt=\"\" srcset=\"https:\/\/stockagile.com\/wp-content\/uploads\/2024\/11\/abc-analysis-mobile-es-1024x741.png 1024w, https:\/\/stockagile.com\/wp-content\/uploads\/2024\/11\/abc-analysis-mobile-es-300x217.png 300w, https:\/\/stockagile.com\/wp-content\/uploads\/2024\/11\/abc-analysis-mobile-es-150x109.png 150w, https:\/\/stockagile.com\/wp-content\/uploads\/2024\/11\/abc-analysis-mobile-es-768x556.png 768w, https:\/\/stockagile.com\/wp-content\/uploads\/2024\/11\/abc-analysis-mobile-es.png 1280w\" sizes=\"auto, (max-width: 750px) 100vw, 750px\" style=\"width:100%;height:72.34%;max-width:1280px\" \/>\t\t\t\t\t\t\t\t\t\t\t\t\t\t\t<\/div>\n\t\t\t\t<\/div>\n\t\t\t\t<div class=\"elementor-element elementor-element-3c0a1b66 elementor-widget elementor-widget-text-editor\" data-id=\"3c0a1b66\" data-element_type=\"widget\" data-e-type=\"widget\" data-widget_type=\"text-editor.default\">\n\t\t\t\t<div class=\"elementor-widget-container\">\n\t\t\t\t\t\t\t\t\t<p>Quickly classify your products according to their performance through a detailed automatic ABC analysis and adjust your catalog assortment when necessary.<\/p>\n\t\t\t\t\t\t\t\t<\/div>\n\t\t\t\t<\/div>\n\t\t\t\t<div class=\"elementor-element elementor-element-5757dee2 elementor-icon-list--layout-traditional elementor-list-item-link-full_width elementor-widget elementor-widget-icon-list\" data-id=\"5757dee2\" data-element_type=\"widget\" data-e-type=\"widget\" data-widget_type=\"icon-list.default\">\n\t\t\t\t<div class=\"elementor-widget-container\">\n\t\t\t\t\t\t\t<ul class=\"elementor-icon-list-items\">\n\t\t\t\t\t\t\t<li class=\"elementor-icon-list-item\">\n\t\t\t\t\t\t\t\t\t\t\t<span class=\"elementor-icon-list-icon\">\n\t\t\t\t\t\t\t<i aria-hidden=\"true\" class=\"far fa-check-circle\"><\/i>\t\t\t\t\t\t<\/span>\n\t\t\t\t\t\t\t\t\t\t<span class=\"elementor-icon-list-text\">Automatic classification of products by sales.<\/span>\n\t\t\t\t\t\t\t\t\t<\/li>\n\t\t\t\t\t\t\t\t<li class=\"elementor-icon-list-item\">\n\t\t\t\t\t\t\t\t\t\t\t<span class=\"elementor-icon-list-icon\">\n\t\t\t\t\t\t\t<i aria-hidden=\"true\" class=\"far fa-check-circle\"><\/i>\t\t\t\t\t\t<\/span>\n\t\t\t\t\t\t\t\t\t\t<span class=\"elementor-icon-list-text\">Improves inventory decision making.<\/span>\n\t\t\t\t\t\t\t\t\t<\/li>\n\t\t\t\t\t\t\t\t<li class=\"elementor-icon-list-item\">\n\t\t\t\t\t\t\t\t\t\t\t<span class=\"elementor-icon-list-icon\">\n\t\t\t\t\t\t\t<i aria-hidden=\"true\" class=\"far fa-check-circle\"><\/i>\t\t\t\t\t\t<\/span>\n\t\t\t\t\t\t\t\t\t\t<span class=\"elementor-icon-list-text\">Reliable data for effective assortment management.<\/span>\n\t\t\t\t\t\t\t\t\t<\/li>\n\t\t\t\t\t\t<\/ul>\n\t\t\t\t\t\t<\/div>\n\t\t\t\t<\/div>\n\t\t<div class=\"elementor-element elementor-element-279504d8 e-con-full e-flex e-con e-child\" data-id=\"279504d8\" data-element_type=\"container\" data-e-type=\"container\">\n\t\t\t\t<div class=\"elementor-element elementor-element-20d66613 elementor-align-center elementor-mobile-align-justify elementor-widget-mobile__width-inherit elementor-widget elementor-widget-button\" data-id=\"20d66613\" data-element_type=\"widget\" data-e-type=\"widget\" data-widget_type=\"button.default\">\n\t\t\t\t<div class=\"elementor-widget-container\">\n\t\t\t\t\t\t\t\t\t<div class=\"elementor-button-wrapper\">\n\t\t\t\t\t<a class=\"elementor-button elementor-button-link elementor-size-sm\" href=\"https:\/\/stockagile.com\/en\/all-features\/\">\n\t\t\t\t\t\t<span class=\"elementor-button-content-wrapper\">\n\t\t\t\t\t\t\t\t\t<span class=\"elementor-button-text\">See all features<\/span>\n\t\t\t\t\t<\/span>\n\t\t\t\t\t<\/a>\n\t\t\t\t<\/div>\n\t\t\t\t\t\t\t\t<\/div>\n\t\t\t\t<\/div>\n\t\t\t\t<\/div>\n\t\t\t\t<\/div>\n\t\t<div class=\"elementor-element elementor-element-77d5c21b e-con-full e-flex e-con e-child\" data-id=\"77d5c21b\" data-element_type=\"container\" data-e-type=\"container\">\n\t\t\t\t<div class=\"elementor-element elementor-element-14ab0b70 image-full-width elementor-hidden-tablet elementor-hidden-mobile elementor-widget elementor-widget-image\" data-id=\"14ab0b70\" data-element_type=\"widget\" data-e-type=\"widget\" data-widget_type=\"image.default\">\n\t\t\t\t<div class=\"elementor-widget-container\">\n\t\t\t\t\t\t\t\t\t\t\t\t\t\t\t<img decoding=\"async\" loading=\"lazy\" width=\"1280\" height=\"1297\" src=\"https:\/\/stockagile.com\/wp-content\/uploads\/2024\/11\/abc-analysis-es.png\" class=\"attachment-full size-full wp-image-19202\" alt=\"Imagen de la interfaz de Stockagile mostrando un an\u00e1lisis ABC de productos. La tabla principal muestra productos clasificados en categor\u00edas A, B y C, junto con sus datos de facturaci\u00f3n y beneficio. Se destacan los productos de diferentes categor\u00edas, como gafas, bolsos y accesorios. Alrededor, hay gr\u00e1ficos adicionales que detallan el total de existencias (11.056 unidades) y un gr\u00e1fico de barras comparativo por marca.\" srcset=\"https:\/\/stockagile.com\/wp-content\/uploads\/2024\/11\/abc-analysis-es.png 1280w, https:\/\/stockagile.com\/wp-content\/uploads\/2024\/11\/abc-analysis-es-296x300.png 296w, https:\/\/stockagile.com\/wp-content\/uploads\/2024\/11\/abc-analysis-es-1011x1024.png 1011w, https:\/\/stockagile.com\/wp-content\/uploads\/2024\/11\/abc-analysis-es-148x150.png 148w, https:\/\/stockagile.com\/wp-content\/uploads\/2024\/11\/abc-analysis-es-768x778.png 768w\" sizes=\"auto, (max-width: 1280px) 100vw, 1280px\" style=\"width:100%;height:101.33%;max-width:1280px\" \/>\t\t\t\t\t\t\t\t\t\t\t\t\t\t\t<\/div>\n\t\t\t\t<\/div>\n\t\t\t\t<\/div>\n\t\t\t\t\t<\/div>\n\t\t\t\t<\/div>\n\t\t\t\t<\/div>\n\t\t","protected":false},"excerpt":{"rendered":"<p>ABC analysis of products for inventory management Quickly classify your products according to their performance through a detailed automatic ABC analysis and adjust your catalog assortment when necessary. Automatic classification of products by sales. Improves inventory decision making. Reliable data for effective assortment management. See all features<\/p>\n","protected":false},"author":8,"featured_media":0,"parent":0,"menu_order":0,"comment_status":"closed","ping_status":"closed","template":"","meta":{"footnotes":""},"class_list":["post-19626","page","type-page","status-publish","hentry","entry"],"yoast_head":"<!-- This site is optimized with the Yoast SEO plugin v27.3 - https:\/\/yoast.com\/product\/yoast-seo-wordpress\/ -->\n<title>ABC analysis for inventory management | Stockagile<\/title>\n<meta name=\"robots\" content=\"index, follow, max-snippet:-1, max-image-preview:large, max-video-preview:-1\" \/>\n<link rel=\"canonical\" href=\"https:\/\/stockagile.com\/en\/abc-analysis-for-inventory-management\/\" \/>\n<meta property=\"og:locale\" content=\"en_US\" \/>\n<meta property=\"og:type\" content=\"article\" \/>\n<meta property=\"og:title\" content=\"ABC analysis for inventory management | Stockagile\" \/>\n<meta property=\"og:description\" content=\"ABC analysis of products for inventory management Quickly classify your products according to their performance through a detailed automatic ABC analysis and adjust your catalog assortment when necessary. Automatic classification of products by sales. Improves inventory decision making. Reliable data for effective assortment management. See all features\" \/>\n<meta property=\"og:url\" content=\"https:\/\/stockagile.com\/en\/abc-analysis-for-inventory-management\/\" \/>\n<meta property=\"og:site_name\" content=\"Stockagile\" \/>\n<meta property=\"article:modified_time\" content=\"2025-01-15T10:23:56+00:00\" \/>\n<meta property=\"og:image\" content=\"https:\/\/stockagile.com\/wp-content\/uploads\/2024\/11\/abc-analysis-mobile-es.png\" \/>\n\t<meta property=\"og:image:width\" content=\"1280\" \/>\n\t<meta property=\"og:image:height\" content=\"926\" \/>\n\t<meta property=\"og:image:type\" content=\"image\/png\" \/>\n<meta name=\"twitter:card\" content=\"summary_large_image\" \/>\n<script type=\"application\/ld+json\" class=\"yoast-schema-graph\">{\"@context\":\"https:\\\/\\\/schema.org\",\"@graph\":[{\"@type\":\"WebPage\",\"@id\":\"https:\\\/\\\/stockagile.com\\\/en\\\/abc-analysis-for-inventory-management\\\/\",\"url\":\"https:\\\/\\\/stockagile.com\\\/en\\\/abc-analysis-for-inventory-management\\\/\",\"name\":\"ABC analysis for inventory management | Stockagile\",\"isPartOf\":{\"@id\":\"https:\\\/\\\/stockagile.com\\\/en\\\/#website\"},\"primaryImageOfPage\":{\"@id\":\"https:\\\/\\\/stockagile.com\\\/en\\\/abc-analysis-for-inventory-management\\\/#primaryimage\"},\"image\":{\"@id\":\"https:\\\/\\\/stockagile.com\\\/en\\\/abc-analysis-for-inventory-management\\\/#primaryimage\"},\"thumbnailUrl\":\"https:\\\/\\\/stockagile.com\\\/wp-content\\\/uploads\\\/2024\\\/11\\\/abc-analysis-mobile-es-1024x741.png\",\"datePublished\":\"2024-11-05T11:52:26+00:00\",\"dateModified\":\"2025-01-15T10:23:56+00:00\",\"breadcrumb\":{\"@id\":\"https:\\\/\\\/stockagile.com\\\/en\\\/abc-analysis-for-inventory-management\\\/#breadcrumb\"},\"inLanguage\":\"en-US\",\"potentialAction\":[{\"@type\":\"ReadAction\",\"target\":[\"https:\\\/\\\/stockagile.com\\\/en\\\/abc-analysis-for-inventory-management\\\/\"]}]},{\"@type\":\"ImageObject\",\"inLanguage\":\"en-US\",\"@id\":\"https:\\\/\\\/stockagile.com\\\/en\\\/abc-analysis-for-inventory-management\\\/#primaryimage\",\"url\":\"https:\\\/\\\/stockagile.com\\\/wp-content\\\/uploads\\\/2024\\\/11\\\/abc-analysis-mobile-es-1024x741.png\",\"contentUrl\":\"https:\\\/\\\/stockagile.com\\\/wp-content\\\/uploads\\\/2024\\\/11\\\/abc-analysis-mobile-es-1024x741.png\"},{\"@type\":\"BreadcrumbList\",\"@id\":\"https:\\\/\\\/stockagile.com\\\/en\\\/abc-analysis-for-inventory-management\\\/#breadcrumb\",\"itemListElement\":[{\"@type\":\"ListItem\",\"position\":1,\"name\":\"Blog\",\"item\":\"https:\\\/\\\/stockagile.com\\\/en\\\/\"},{\"@type\":\"ListItem\",\"position\":2,\"name\":\"ABC analysis for inventory management\"}]},{\"@type\":\"WebSite\",\"@id\":\"https:\\\/\\\/stockagile.com\\\/en\\\/#website\",\"url\":\"https:\\\/\\\/stockagile.com\\\/en\\\/\",\"name\":\"Stockagile\",\"description\":\"Gesti\u00f3n \u00e1gil de marcas, tiendas y mayoristas\",\"potentialAction\":[{\"@type\":\"SearchAction\",\"target\":{\"@type\":\"EntryPoint\",\"urlTemplate\":\"https:\\\/\\\/stockagile.com\\\/en\\\/?s={search_term_string}\"},\"query-input\":{\"@type\":\"PropertyValueSpecification\",\"valueRequired\":true,\"valueName\":\"search_term_string\"}}],\"inLanguage\":\"en-US\"}]}<\/script>\n<!-- \/ Yoast SEO plugin. -->","yoast_head_json":{"title":"ABC analysis for inventory management | Stockagile","robots":{"index":"index","follow":"follow","max-snippet":"max-snippet:-1","max-image-preview":"max-image-preview:large","max-video-preview":"max-video-preview:-1"},"canonical":"https:\/\/stockagile.com\/en\/abc-analysis-for-inventory-management\/","og_locale":"en_US","og_type":"article","og_title":"ABC analysis for inventory management | Stockagile","og_description":"ABC analysis of products for inventory management Quickly classify your products according to their performance through a detailed automatic ABC analysis and adjust your catalog assortment when necessary. Automatic classification of products by sales. Improves inventory decision making. Reliable data for effective assortment management. See all features","og_url":"https:\/\/stockagile.com\/en\/abc-analysis-for-inventory-management\/","og_site_name":"Stockagile","article_modified_time":"2025-01-15T10:23:56+00:00","og_image":[{"width":1280,"height":926,"url":"https:\/\/stockagile.com\/wp-content\/uploads\/2024\/11\/abc-analysis-mobile-es.png","type":"image\/png"}],"twitter_card":"summary_large_image","schema":{"@context":"https:\/\/schema.org","@graph":[{"@type":"WebPage","@id":"https:\/\/stockagile.com\/en\/abc-analysis-for-inventory-management\/","url":"https:\/\/stockagile.com\/en\/abc-analysis-for-inventory-management\/","name":"ABC analysis for inventory management | Stockagile","isPartOf":{"@id":"https:\/\/stockagile.com\/en\/#website"},"primaryImageOfPage":{"@id":"https:\/\/stockagile.com\/en\/abc-analysis-for-inventory-management\/#primaryimage"},"image":{"@id":"https:\/\/stockagile.com\/en\/abc-analysis-for-inventory-management\/#primaryimage"},"thumbnailUrl":"https:\/\/stockagile.com\/wp-content\/uploads\/2024\/11\/abc-analysis-mobile-es-1024x741.png","datePublished":"2024-11-05T11:52:26+00:00","dateModified":"2025-01-15T10:23:56+00:00","breadcrumb":{"@id":"https:\/\/stockagile.com\/en\/abc-analysis-for-inventory-management\/#breadcrumb"},"inLanguage":"en-US","potentialAction":[{"@type":"ReadAction","target":["https:\/\/stockagile.com\/en\/abc-analysis-for-inventory-management\/"]}]},{"@type":"ImageObject","inLanguage":"en-US","@id":"https:\/\/stockagile.com\/en\/abc-analysis-for-inventory-management\/#primaryimage","url":"https:\/\/stockagile.com\/wp-content\/uploads\/2024\/11\/abc-analysis-mobile-es-1024x741.png","contentUrl":"https:\/\/stockagile.com\/wp-content\/uploads\/2024\/11\/abc-analysis-mobile-es-1024x741.png"},{"@type":"BreadcrumbList","@id":"https:\/\/stockagile.com\/en\/abc-analysis-for-inventory-management\/#breadcrumb","itemListElement":[{"@type":"ListItem","position":1,"name":"Blog","item":"https:\/\/stockagile.com\/en\/"},{"@type":"ListItem","position":2,"name":"ABC analysis for inventory management"}]},{"@type":"WebSite","@id":"https:\/\/stockagile.com\/en\/#website","url":"https:\/\/stockagile.com\/en\/","name":"Stockagile","description":"Gesti\u00f3n \u00e1gil de marcas, tiendas y mayoristas","potentialAction":[{"@type":"SearchAction","target":{"@type":"EntryPoint","urlTemplate":"https:\/\/stockagile.com\/en\/?s={search_term_string}"},"query-input":{"@type":"PropertyValueSpecification","valueRequired":true,"valueName":"search_term_string"}}],"inLanguage":"en-US"}]}},"_links":{"self":[{"href":"https:\/\/stockagile.com\/en\/wp-json\/wp\/v2\/pages\/19626","targetHints":{"allow":["GET"]}}],"collection":[{"href":"https:\/\/stockagile.com\/en\/wp-json\/wp\/v2\/pages"}],"about":[{"href":"https:\/\/stockagile.com\/en\/wp-json\/wp\/v2\/types\/page"}],"author":[{"embeddable":true,"href":"https:\/\/stockagile.com\/en\/wp-json\/wp\/v2\/users\/8"}],"replies":[{"embeddable":true,"href":"https:\/\/stockagile.com\/en\/wp-json\/wp\/v2\/comments?post=19626"}],"version-history":[{"count":0,"href":"https:\/\/stockagile.com\/en\/wp-json\/wp\/v2\/pages\/19626\/revisions"}],"wp:attachment":[{"href":"https:\/\/stockagile.com\/en\/wp-json\/wp\/v2\/media?parent=19626"}],"curies":[{"name":"wp","href":"https:\/\/api.w.org\/{rel}","templated":true}]}}