{"id":19648,"date":"2024-11-19T11:09:52","date_gmt":"2024-11-19T11:09:52","guid":{"rendered":"https:\/\/stockagile.com\/optimization-of-repositions\/"},"modified":"2025-01-21T10:57:07","modified_gmt":"2025-01-21T10:57:07","slug":"optimization-of-repositions","status":"publish","type":"page","link":"https:\/\/stockagile.com\/en\/optimization-of-repositions\/","title":{"rendered":"Optimization of replenishment"},"content":{"rendered":"\t\t<div data-elementor-type=\"wp-page\" data-elementor-id=\"19648\" class=\"elementor elementor-19648 elementor-19174\" data-elementor-post-type=\"page\">\n\t\t\t\t<div class=\"elementor-element elementor-element-5d9dd3a6 e-flex e-con-boxed e-con e-parent\" data-id=\"5d9dd3a6\" data-element_type=\"container\" data-e-type=\"container\" data-settings=\"{&quot;background_background&quot;:&quot;classic&quot;}\">\n\t\t\t\t\t<div class=\"e-con-inner\">\n\t\t<div class=\"elementor-element elementor-element-30bd13e9 e-con-full e-flex e-con e-child\" data-id=\"30bd13e9\" data-element_type=\"container\" data-e-type=\"container\">\n\t\t\t\t<div class=\"elementor-element elementor-element-1f64885b elementor-widget elementor-widget-heading\" data-id=\"1f64885b\" data-element_type=\"widget\" data-e-type=\"widget\" data-widget_type=\"heading.default\">\n\t\t\t\t<div class=\"elementor-widget-container\">\n\t\t\t\t\t<h1 class=\"elementor-heading-title elementor-size-default\">Inventory replenishment optimization<\/h1>\t\t\t\t<\/div>\n\t\t\t\t<\/div>\n\t\t\t\t<div class=\"elementor-element elementor-element-8ed63eb elementor-hidden-desktop elementor-widget elementor-widget-image\" data-id=\"8ed63eb\" data-element_type=\"widget\" data-e-type=\"widget\" data-widget_type=\"image.default\">\n\t\t\t\t<div class=\"elementor-widget-container\">\n\t\t\t\t\t\t\t\t\t\t\t\t\t\t\t<img decoding=\"async\" loading=\"lazy\" width=\"750\" height=\"543\" src=\"https:\/\/stockagile.com\/wp-content\/uploads\/2024\/11\/replenishment-optimization-mobile-es-1024x741.png\" class=\"attachment-large size-large wp-image-19391\" alt=\"\" srcset=\"https:\/\/stockagile.com\/wp-content\/uploads\/2024\/11\/replenishment-optimization-mobile-es-1024x741.png 1024w, https:\/\/stockagile.com\/wp-content\/uploads\/2024\/11\/replenishment-optimization-mobile-es-300x217.png 300w, https:\/\/stockagile.com\/wp-content\/uploads\/2024\/11\/replenishment-optimization-mobile-es-150x109.png 150w, https:\/\/stockagile.com\/wp-content\/uploads\/2024\/11\/replenishment-optimization-mobile-es-768x556.png 768w, https:\/\/stockagile.com\/wp-content\/uploads\/2024\/11\/replenishment-optimization-mobile-es.png 1280w\" sizes=\"auto, (max-width: 750px) 100vw, 750px\" style=\"width:100%;height:72.34%;max-width:1280px\" \/>\t\t\t\t\t\t\t\t\t\t\t\t\t\t\t<\/div>\n\t\t\t\t<\/div>\n\t\t\t\t<div class=\"elementor-element elementor-element-5eb1ddba elementor-widget elementor-widget-text-editor\" data-id=\"5eb1ddba\" data-element_type=\"widget\" data-e-type=\"widget\" data-widget_type=\"text-editor.default\">\n\t\t\t\t<div class=\"elementor-widget-container\">\n\t\t\t\t\t\t\t\t\t<p>Improve the supply of your warehouses by integrating the inventory of your stores and establishing automated rules that prevent stock-outs.<\/p>\n\t\t\t\t\t\t\t\t<\/div>\n\t\t\t\t<\/div>\n\t\t\t\t<div class=\"elementor-element elementor-element-25bd1581 elementor-icon-list--layout-traditional elementor-list-item-link-full_width elementor-widget elementor-widget-icon-list\" data-id=\"25bd1581\" data-element_type=\"widget\" data-e-type=\"widget\" data-widget_type=\"icon-list.default\">\n\t\t\t\t<div class=\"elementor-widget-container\">\n\t\t\t\t\t\t\t<ul class=\"elementor-icon-list-items\">\n\t\t\t\t\t\t\t<li class=\"elementor-icon-list-item\">\n\t\t\t\t\t\t\t\t\t\t\t<span class=\"elementor-icon-list-icon\">\n\t\t\t\t\t\t\t<i aria-hidden=\"true\" class=\"far fa-check-circle\"><\/i>\t\t\t\t\t\t<\/span>\n\t\t\t\t\t\t\t\t\t\t<span class=\"elementor-icon-list-text\">Configuration of minimum and maximum stock levels.<\/span>\n\t\t\t\t\t\t\t\t\t<\/li>\n\t\t\t\t\t\t\t\t<li class=\"elementor-icon-list-item\">\n\t\t\t\t\t\t\t\t\t\t\t<span class=\"elementor-icon-list-icon\">\n\t\t\t\t\t\t\t<i aria-hidden=\"true\" class=\"far fa-check-circle\"><\/i>\t\t\t\t\t\t<\/span>\n\t\t\t\t\t\t\t\t\t\t<span class=\"elementor-icon-list-text\">Automatic product transfers between warehouses.<\/span>\n\t\t\t\t\t\t\t\t\t<\/li>\n\t\t\t\t\t\t\t\t<li class=\"elementor-icon-list-item\">\n\t\t\t\t\t\t\t\t\t\t\t<span class=\"elementor-icon-list-icon\">\n\t\t\t\t\t\t\t<i aria-hidden=\"true\" class=\"far fa-check-circle\"><\/i>\t\t\t\t\t\t<\/span>\n\t\t\t\t\t\t\t\t\t\t<span class=\"elementor-icon-list-text\">Continuous maintenance of available stock to meet demand.<\/span>\n\t\t\t\t\t\t\t\t\t<\/li>\n\t\t\t\t\t\t<\/ul>\n\t\t\t\t\t\t<\/div>\n\t\t\t\t<\/div>\n\t\t<div class=\"elementor-element elementor-element-365bf75c e-con-full e-flex e-con e-child\" data-id=\"365bf75c\" data-element_type=\"container\" data-e-type=\"container\">\n\t\t\t\t<div class=\"elementor-element elementor-element-48fe5a5f elementor-align-center elementor-mobile-align-justify elementor-widget-mobile__width-inherit elementor-widget elementor-widget-button\" data-id=\"48fe5a5f\" data-element_type=\"widget\" data-e-type=\"widget\" data-widget_type=\"button.default\">\n\t\t\t\t<div class=\"elementor-widget-container\">\n\t\t\t\t\t\t\t\t\t<div class=\"elementor-button-wrapper\">\n\t\t\t\t\t<a class=\"elementor-button elementor-button-link elementor-size-sm\" href=\"https:\/\/stockagile.com\/en\/all-features\/\">\n\t\t\t\t\t\t<span class=\"elementor-button-content-wrapper\">\n\t\t\t\t\t\t\t\t\t<span class=\"elementor-button-text\">See all features<\/span>\n\t\t\t\t\t<\/span>\n\t\t\t\t\t<\/a>\n\t\t\t\t<\/div>\n\t\t\t\t\t\t\t\t<\/div>\n\t\t\t\t<\/div>\n\t\t\t\t<\/div>\n\t\t\t\t<\/div>\n\t\t<div class=\"elementor-element elementor-element-11bdbb66 e-con-full e-flex e-con e-child\" data-id=\"11bdbb66\" data-element_type=\"container\" data-e-type=\"container\">\n\t\t\t\t<div class=\"elementor-element elementor-element-6a8c7d42 image-full-width elementor-hidden-tablet elementor-hidden-mobile elementor-widget elementor-widget-image\" data-id=\"6a8c7d42\" data-element_type=\"widget\" data-e-type=\"widget\" data-widget_type=\"image.default\">\n\t\t\t\t<div class=\"elementor-widget-container\">\n\t\t\t\t\t\t\t\t\t\t\t\t\t\t\t<img decoding=\"async\" loading=\"lazy\" width=\"1280\" height=\"1297\" src=\"https:\/\/stockagile.com\/wp-content\/uploads\/2024\/11\/replenishment-optimization-es.png\" class=\"attachment-full size-full wp-image-19218\" alt=\"Interfaz de Stockagile para la optimizaci\u00f3n de reposiciones. La parte superior muestra una tabla con SKUs, tiendas, disponibilidad, demanda y borradores de reposici\u00f3n con indicadores de estado. La parte inferior detalla una reposici\u00f3n espec\u00edfica, incluyendo el producto seleccionado (&#039;Bota Amarilla Agua&#039;), tallas, colores y la cantidad total a reponer.\" srcset=\"https:\/\/stockagile.com\/wp-content\/uploads\/2024\/11\/replenishment-optimization-es.png 1280w, https:\/\/stockagile.com\/wp-content\/uploads\/2024\/11\/replenishment-optimization-es-296x300.png 296w, https:\/\/stockagile.com\/wp-content\/uploads\/2024\/11\/replenishment-optimization-es-1011x1024.png 1011w, https:\/\/stockagile.com\/wp-content\/uploads\/2024\/11\/replenishment-optimization-es-148x150.png 148w, https:\/\/stockagile.com\/wp-content\/uploads\/2024\/11\/replenishment-optimization-es-768x778.png 768w\" sizes=\"auto, (max-width: 1280px) 100vw, 1280px\" style=\"width:100%;height:101.33%;max-width:1280px\" \/>\t\t\t\t\t\t\t\t\t\t\t\t\t\t\t<\/div>\n\t\t\t\t<\/div>\n\t\t\t\t<\/div>\n\t\t\t\t\t<\/div>\n\t\t\t\t<\/div>\n\t\t\t\t<\/div>\n\t\t","protected":false},"excerpt":{"rendered":"<p>Inventory replenishment optimization Improve the supply of your warehouses by integrating the inventory of your stores and establishing automated rules that prevent stock-outs. Configuration of minimum and maximum stock levels. Automatic product transfers between warehouses. Continuous maintenance of available stock to meet demand. See all features<\/p>\n","protected":false},"author":8,"featured_media":0,"parent":0,"menu_order":0,"comment_status":"closed","ping_status":"closed","template":"","meta":{"footnotes":""},"class_list":["post-19648","page","type-page","status-publish","hentry","entry"],"yoast_head":"<!-- This site is optimized with the Yoast SEO plugin v27.5 - https:\/\/yoast.com\/product\/yoast-seo-wordpress\/ -->\n<title>Optimization of replenishment | Stockagile<\/title>\n<meta name=\"robots\" content=\"index, follow, max-snippet:-1, max-image-preview:large, max-video-preview:-1\" \/>\n<link rel=\"canonical\" href=\"https:\/\/stockagile.com\/en\/optimization-of-repositions\/\" \/>\n<meta property=\"og:locale\" content=\"en_US\" \/>\n<meta property=\"og:type\" content=\"article\" \/>\n<meta property=\"og:title\" content=\"Optimization of replenishment | Stockagile\" \/>\n<meta property=\"og:description\" content=\"Inventory replenishment optimization Improve the supply of your warehouses by integrating the inventory of your stores and establishing automated rules that prevent stock-outs. Configuration of minimum and maximum stock levels. Automatic product transfers between warehouses. Continuous maintenance of available stock to meet demand. See all features\" \/>\n<meta property=\"og:url\" content=\"https:\/\/stockagile.com\/en\/optimization-of-repositions\/\" \/>\n<meta property=\"og:site_name\" content=\"Stockagile\" \/>\n<meta property=\"article:modified_time\" content=\"2025-01-21T10:57:07+00:00\" \/>\n<meta property=\"og:image\" content=\"https:\/\/stockagile.com\/wp-content\/uploads\/2024\/11\/replenishment-optimization-mobile-es.png\" \/>\n\t<meta property=\"og:image:width\" content=\"1280\" \/>\n\t<meta property=\"og:image:height\" content=\"926\" \/>\n\t<meta property=\"og:image:type\" content=\"image\/png\" \/>\n<meta name=\"twitter:card\" content=\"summary_large_image\" \/>\n<script type=\"application\/ld+json\" class=\"yoast-schema-graph\">{\"@context\":\"https:\\\/\\\/schema.org\",\"@graph\":[{\"@type\":\"WebPage\",\"@id\":\"https:\\\/\\\/stockagile.com\\\/en\\\/optimization-of-repositions\\\/\",\"url\":\"https:\\\/\\\/stockagile.com\\\/en\\\/optimization-of-repositions\\\/\",\"name\":\"Optimization of replenishment | Stockagile\",\"isPartOf\":{\"@id\":\"https:\\\/\\\/stockagile.com\\\/en\\\/#website\"},\"primaryImageOfPage\":{\"@id\":\"https:\\\/\\\/stockagile.com\\\/en\\\/optimization-of-repositions\\\/#primaryimage\"},\"image\":{\"@id\":\"https:\\\/\\\/stockagile.com\\\/en\\\/optimization-of-repositions\\\/#primaryimage\"},\"thumbnailUrl\":\"https:\\\/\\\/stockagile.com\\\/wp-content\\\/uploads\\\/2024\\\/11\\\/replenishment-optimization-mobile-es-1024x741.png\",\"datePublished\":\"2024-11-19T11:09:52+00:00\",\"dateModified\":\"2025-01-21T10:57:07+00:00\",\"breadcrumb\":{\"@id\":\"https:\\\/\\\/stockagile.com\\\/en\\\/optimization-of-repositions\\\/#breadcrumb\"},\"inLanguage\":\"en-US\",\"potentialAction\":[{\"@type\":\"ReadAction\",\"target\":[\"https:\\\/\\\/stockagile.com\\\/en\\\/optimization-of-repositions\\\/\"]}]},{\"@type\":\"ImageObject\",\"inLanguage\":\"en-US\",\"@id\":\"https:\\\/\\\/stockagile.com\\\/en\\\/optimization-of-repositions\\\/#primaryimage\",\"url\":\"https:\\\/\\\/stockagile.com\\\/wp-content\\\/uploads\\\/2024\\\/11\\\/replenishment-optimization-mobile-es-1024x741.png\",\"contentUrl\":\"https:\\\/\\\/stockagile.com\\\/wp-content\\\/uploads\\\/2024\\\/11\\\/replenishment-optimization-mobile-es-1024x741.png\"},{\"@type\":\"BreadcrumbList\",\"@id\":\"https:\\\/\\\/stockagile.com\\\/en\\\/optimization-of-repositions\\\/#breadcrumb\",\"itemListElement\":[{\"@type\":\"ListItem\",\"position\":1,\"name\":\"Blog\",\"item\":\"https:\\\/\\\/stockagile.com\\\/en\\\/\"},{\"@type\":\"ListItem\",\"position\":2,\"name\":\"Optimization of replenishment\"}]},{\"@type\":\"WebSite\",\"@id\":\"https:\\\/\\\/stockagile.com\\\/en\\\/#website\",\"url\":\"https:\\\/\\\/stockagile.com\\\/en\\\/\",\"name\":\"Stockagile\",\"description\":\"Gesti\u00f3n \u00e1gil de marcas, tiendas y mayoristas\",\"potentialAction\":[{\"@type\":\"SearchAction\",\"target\":{\"@type\":\"EntryPoint\",\"urlTemplate\":\"https:\\\/\\\/stockagile.com\\\/en\\\/?s={search_term_string}\"},\"query-input\":{\"@type\":\"PropertyValueSpecification\",\"valueRequired\":true,\"valueName\":\"search_term_string\"}}],\"inLanguage\":\"en-US\"}]}<\/script>\n<!-- \/ Yoast SEO plugin. -->","yoast_head_json":{"title":"Optimization of replenishment | Stockagile","robots":{"index":"index","follow":"follow","max-snippet":"max-snippet:-1","max-image-preview":"max-image-preview:large","max-video-preview":"max-video-preview:-1"},"canonical":"https:\/\/stockagile.com\/en\/optimization-of-repositions\/","og_locale":"en_US","og_type":"article","og_title":"Optimization of replenishment | Stockagile","og_description":"Inventory replenishment optimization Improve the supply of your warehouses by integrating the inventory of your stores and establishing automated rules that prevent stock-outs. Configuration of minimum and maximum stock levels. Automatic product transfers between warehouses. Continuous maintenance of available stock to meet demand. See all features","og_url":"https:\/\/stockagile.com\/en\/optimization-of-repositions\/","og_site_name":"Stockagile","article_modified_time":"2025-01-21T10:57:07+00:00","og_image":[{"width":1280,"height":926,"url":"https:\/\/stockagile.com\/wp-content\/uploads\/2024\/11\/replenishment-optimization-mobile-es.png","type":"image\/png"}],"twitter_card":"summary_large_image","schema":{"@context":"https:\/\/schema.org","@graph":[{"@type":"WebPage","@id":"https:\/\/stockagile.com\/en\/optimization-of-repositions\/","url":"https:\/\/stockagile.com\/en\/optimization-of-repositions\/","name":"Optimization of replenishment | Stockagile","isPartOf":{"@id":"https:\/\/stockagile.com\/en\/#website"},"primaryImageOfPage":{"@id":"https:\/\/stockagile.com\/en\/optimization-of-repositions\/#primaryimage"},"image":{"@id":"https:\/\/stockagile.com\/en\/optimization-of-repositions\/#primaryimage"},"thumbnailUrl":"https:\/\/stockagile.com\/wp-content\/uploads\/2024\/11\/replenishment-optimization-mobile-es-1024x741.png","datePublished":"2024-11-19T11:09:52+00:00","dateModified":"2025-01-21T10:57:07+00:00","breadcrumb":{"@id":"https:\/\/stockagile.com\/en\/optimization-of-repositions\/#breadcrumb"},"inLanguage":"en-US","potentialAction":[{"@type":"ReadAction","target":["https:\/\/stockagile.com\/en\/optimization-of-repositions\/"]}]},{"@type":"ImageObject","inLanguage":"en-US","@id":"https:\/\/stockagile.com\/en\/optimization-of-repositions\/#primaryimage","url":"https:\/\/stockagile.com\/wp-content\/uploads\/2024\/11\/replenishment-optimization-mobile-es-1024x741.png","contentUrl":"https:\/\/stockagile.com\/wp-content\/uploads\/2024\/11\/replenishment-optimization-mobile-es-1024x741.png"},{"@type":"BreadcrumbList","@id":"https:\/\/stockagile.com\/en\/optimization-of-repositions\/#breadcrumb","itemListElement":[{"@type":"ListItem","position":1,"name":"Blog","item":"https:\/\/stockagile.com\/en\/"},{"@type":"ListItem","position":2,"name":"Optimization of replenishment"}]},{"@type":"WebSite","@id":"https:\/\/stockagile.com\/en\/#website","url":"https:\/\/stockagile.com\/en\/","name":"Stockagile","description":"Gesti\u00f3n \u00e1gil de marcas, tiendas y mayoristas","potentialAction":[{"@type":"SearchAction","target":{"@type":"EntryPoint","urlTemplate":"https:\/\/stockagile.com\/en\/?s={search_term_string}"},"query-input":{"@type":"PropertyValueSpecification","valueRequired":true,"valueName":"search_term_string"}}],"inLanguage":"en-US"}]}},"_links":{"self":[{"href":"https:\/\/stockagile.com\/en\/wp-json\/wp\/v2\/pages\/19648","targetHints":{"allow":["GET"]}}],"collection":[{"href":"https:\/\/stockagile.com\/en\/wp-json\/wp\/v2\/pages"}],"about":[{"href":"https:\/\/stockagile.com\/en\/wp-json\/wp\/v2\/types\/page"}],"author":[{"embeddable":true,"href":"https:\/\/stockagile.com\/en\/wp-json\/wp\/v2\/users\/8"}],"replies":[{"embeddable":true,"href":"https:\/\/stockagile.com\/en\/wp-json\/wp\/v2\/comments?post=19648"}],"version-history":[{"count":0,"href":"https:\/\/stockagile.com\/en\/wp-json\/wp\/v2\/pages\/19648\/revisions"}],"wp:attachment":[{"href":"https:\/\/stockagile.com\/en\/wp-json\/wp\/v2\/media?parent=19648"}],"curies":[{"name":"wp","href":"https:\/\/api.w.org\/{rel}","templated":true}]}}