{"id":19652,"date":"2024-11-19T14:58:33","date_gmt":"2024-11-19T14:58:33","guid":{"rendered":"https:\/\/stockagile.com\/pack-management\/"},"modified":"2025-01-21T10:57:08","modified_gmt":"2025-01-21T10:57:08","slug":"pack-management","status":"publish","type":"page","link":"https:\/\/stockagile.com\/en\/pack-management\/","title":{"rendered":"Pack management"},"content":{"rendered":"\t\t<div data-elementor-type=\"wp-page\" data-elementor-id=\"19652\" class=\"elementor elementor-19652 elementor-19179\" data-elementor-post-type=\"page\">\n\t\t\t\t<div class=\"elementor-element elementor-element-52f3e9dd e-flex e-con-boxed e-con e-parent\" data-id=\"52f3e9dd\" data-element_type=\"container\" data-e-type=\"container\" data-settings=\"{&quot;background_background&quot;:&quot;classic&quot;}\">\n\t\t\t\t\t<div class=\"e-con-inner\">\n\t\t<div class=\"elementor-element elementor-element-62e2e367 e-con-full e-flex e-con e-child\" data-id=\"62e2e367\" data-element_type=\"container\" data-e-type=\"container\">\n\t\t\t\t<div class=\"elementor-element elementor-element-2f3314d0 elementor-widget elementor-widget-heading\" data-id=\"2f3314d0\" data-element_type=\"widget\" data-e-type=\"widget\" data-widget_type=\"heading.default\">\n\t\t\t\t<div class=\"elementor-widget-container\">\n\t\t\t\t\t<h1 class=\"elementor-heading-title elementor-size-default\">Creation and management of product packs<\/h1>\t\t\t\t<\/div>\n\t\t\t\t<\/div>\n\t\t\t\t<div class=\"elementor-element elementor-element-eed28e9 elementor-hidden-desktop elementor-widget elementor-widget-image\" data-id=\"eed28e9\" data-element_type=\"widget\" data-e-type=\"widget\" data-widget_type=\"image.default\">\n\t\t\t\t<div class=\"elementor-widget-container\">\n\t\t\t\t\t\t\t\t\t\t\t\t\t\t\t<img decoding=\"async\" loading=\"lazy\" width=\"750\" height=\"543\" src=\"https:\/\/stockagile.com\/wp-content\/uploads\/2024\/11\/packs-mobile-es-1024x741.png\" class=\"attachment-large size-large wp-image-19397\" alt=\"\" srcset=\"https:\/\/stockagile.com\/wp-content\/uploads\/2024\/11\/packs-mobile-es-1024x741.png 1024w, https:\/\/stockagile.com\/wp-content\/uploads\/2024\/11\/packs-mobile-es-300x217.png 300w, https:\/\/stockagile.com\/wp-content\/uploads\/2024\/11\/packs-mobile-es-150x109.png 150w, https:\/\/stockagile.com\/wp-content\/uploads\/2024\/11\/packs-mobile-es-768x556.png 768w, https:\/\/stockagile.com\/wp-content\/uploads\/2024\/11\/packs-mobile-es.png 1280w\" sizes=\"auto, (max-width: 750px) 100vw, 750px\" style=\"width:100%;height:72.34%;max-width:1280px\" \/>\t\t\t\t\t\t\t\t\t\t\t\t\t\t\t<\/div>\n\t\t\t\t<\/div>\n\t\t\t\t<div class=\"elementor-element elementor-element-74515bdd elementor-widget elementor-widget-text-editor\" data-id=\"74515bdd\" data-element_type=\"widget\" data-e-type=\"widget\" data-widget_type=\"text-editor.default\">\n\t\t\t\t<div class=\"elementor-widget-container\">\n\t\t\t\t\t\t\t\t\t<p>It offers the possibility to create, sell and edit packs with existing products, increasing the value for your customers and improving stock rotation.<\/p>\n\t\t\t\t\t\t\t\t<\/div>\n\t\t\t\t<\/div>\n\t\t\t\t<div class=\"elementor-element elementor-element-2073626 elementor-icon-list--layout-traditional elementor-list-item-link-full_width elementor-widget elementor-widget-icon-list\" data-id=\"2073626\" data-element_type=\"widget\" data-e-type=\"widget\" data-widget_type=\"icon-list.default\">\n\t\t\t\t<div class=\"elementor-widget-container\">\n\t\t\t\t\t\t\t<ul class=\"elementor-icon-list-items\">\n\t\t\t\t\t\t\t<li class=\"elementor-icon-list-item\">\n\t\t\t\t\t\t\t\t\t\t\t<span class=\"elementor-icon-list-icon\">\n\t\t\t\t\t\t\t<i aria-hidden=\"true\" class=\"far fa-check-circle\"><\/i>\t\t\t\t\t\t<\/span>\n\t\t\t\t\t\t\t\t\t\t<span class=\"elementor-icon-list-text\">Sale of products in \"bundle\" format to increase average ticket.<\/span>\n\t\t\t\t\t\t\t\t\t<\/li>\n\t\t\t\t\t\t\t\t<li class=\"elementor-icon-list-item\">\n\t\t\t\t\t\t\t\t\t\t\t<span class=\"elementor-icon-list-icon\">\n\t\t\t\t\t\t\t<i aria-hidden=\"true\" class=\"far fa-check-circle\"><\/i>\t\t\t\t\t\t<\/span>\n\t\t\t\t\t\t\t\t\t\t<span class=\"elementor-icon-list-text\">Flexibility to customize and adapt packs to demand.<\/span>\n\t\t\t\t\t\t\t\t\t<\/li>\n\t\t\t\t\t\t\t\t<li class=\"elementor-icon-list-item\">\n\t\t\t\t\t\t\t\t\t\t\t<span class=\"elementor-icon-list-icon\">\n\t\t\t\t\t\t\t<i aria-hidden=\"true\" class=\"far fa-check-circle\"><\/i>\t\t\t\t\t\t<\/span>\n\t\t\t\t\t\t\t\t\t\t<span class=\"elementor-icon-list-text\">Improve the customer experience by offering combined options.<\/span>\n\t\t\t\t\t\t\t\t\t<\/li>\n\t\t\t\t\t\t<\/ul>\n\t\t\t\t\t\t<\/div>\n\t\t\t\t<\/div>\n\t\t<div class=\"elementor-element elementor-element-4868c7a8 e-con-full e-flex e-con e-child\" data-id=\"4868c7a8\" data-element_type=\"container\" data-e-type=\"container\">\n\t\t\t\t<div class=\"elementor-element elementor-element-655710a4 elementor-align-center elementor-mobile-align-justify elementor-widget-mobile__width-inherit elementor-widget elementor-widget-button\" data-id=\"655710a4\" data-element_type=\"widget\" data-e-type=\"widget\" data-widget_type=\"button.default\">\n\t\t\t\t<div class=\"elementor-widget-container\">\n\t\t\t\t\t\t\t\t\t<div class=\"elementor-button-wrapper\">\n\t\t\t\t\t<a class=\"elementor-button elementor-button-link elementor-size-sm\" href=\"https:\/\/stockagile.com\/en\/all-features\/\">\n\t\t\t\t\t\t<span class=\"elementor-button-content-wrapper\">\n\t\t\t\t\t\t\t\t\t<span class=\"elementor-button-text\">See all features<\/span>\n\t\t\t\t\t<\/span>\n\t\t\t\t\t<\/a>\n\t\t\t\t<\/div>\n\t\t\t\t\t\t\t\t<\/div>\n\t\t\t\t<\/div>\n\t\t\t\t<\/div>\n\t\t\t\t<\/div>\n\t\t<div class=\"elementor-element elementor-element-3500c993 e-con-full e-flex e-con e-child\" data-id=\"3500c993\" data-element_type=\"container\" data-e-type=\"container\">\n\t\t\t\t<div class=\"elementor-element elementor-element-1d210d73 image-full-width elementor-hidden-tablet elementor-hidden-mobile elementor-widget elementor-widget-image\" data-id=\"1d210d73\" data-element_type=\"widget\" data-e-type=\"widget\" data-widget_type=\"image.default\">\n\t\t\t\t<div class=\"elementor-widget-container\">\n\t\t\t\t\t\t\t\t\t\t\t\t\t\t\t<img decoding=\"async\" loading=\"lazy\" width=\"1280\" height=\"1297\" src=\"https:\/\/stockagile.com\/wp-content\/uploads\/2024\/11\/packs-es.png\" class=\"attachment-full size-full wp-image-19225\" alt=\"Interfaz de Stockagile para la creaci\u00f3n y gesti\u00f3n de packs de productos. La parte superior muestra la composici\u00f3n de un nuevo pack, con detalles como cantidad, producto, descripci\u00f3n, SKU y c\u00f3digo de barras. En la parte inferior, una tabla con packs existentes muestra el c\u00f3digo, nombre, fecha de creaci\u00f3n y precio de cada pack\" srcset=\"https:\/\/stockagile.com\/wp-content\/uploads\/2024\/11\/packs-es.png 1280w, https:\/\/stockagile.com\/wp-content\/uploads\/2024\/11\/packs-es-296x300.png 296w, https:\/\/stockagile.com\/wp-content\/uploads\/2024\/11\/packs-es-1011x1024.png 1011w, https:\/\/stockagile.com\/wp-content\/uploads\/2024\/11\/packs-es-148x150.png 148w, https:\/\/stockagile.com\/wp-content\/uploads\/2024\/11\/packs-es-768x778.png 768w\" sizes=\"auto, (max-width: 1280px) 100vw, 1280px\" style=\"width:100%;height:101.33%;max-width:1280px\" \/>\t\t\t\t\t\t\t\t\t\t\t\t\t\t\t<\/div>\n\t\t\t\t<\/div>\n\t\t\t\t<\/div>\n\t\t\t\t\t<\/div>\n\t\t\t\t<\/div>\n\t\t\t\t<\/div>\n\t\t","protected":false},"excerpt":{"rendered":"<p>Creation and management of product packs It offers the possibility to create, sell and edit packs with existing products, increasing the value for your customers and improving stock rotation. Sale of products in &#8220;bundle&#8221; format to increase average ticket. Flexibility to customize and adapt packs to demand. Improve the customer experience by offering combined options.&hellip; <a class=\"more-link\" href=\"https:\/\/stockagile.com\/en\/pack-management\/\">Continue reading <span class=\"screen-reader-text\">Pack management<\/span><\/a><\/p>\n","protected":false},"author":8,"featured_media":0,"parent":0,"menu_order":0,"comment_status":"closed","ping_status":"closed","template":"","meta":{"footnotes":""},"class_list":["post-19652","page","type-page","status-publish","hentry","entry"],"yoast_head":"<!-- This site is optimized with the Yoast SEO plugin v27.3 - https:\/\/yoast.com\/product\/yoast-seo-wordpress\/ -->\n<title>Pack management | Stockagile<\/title>\n<meta name=\"robots\" content=\"index, follow, max-snippet:-1, max-image-preview:large, max-video-preview:-1\" \/>\n<link rel=\"canonical\" href=\"https:\/\/stockagile.com\/en\/pack-management\/\" \/>\n<meta property=\"og:locale\" content=\"en_US\" \/>\n<meta property=\"og:type\" content=\"article\" \/>\n<meta property=\"og:title\" content=\"Pack management | Stockagile\" \/>\n<meta property=\"og:description\" content=\"Creation and management of product packs It offers the possibility to create, sell and edit packs with existing products, increasing the value for your customers and improving stock rotation. Sale of products in &#8220;bundle&#8221; format to increase average ticket. Flexibility to customize and adapt packs to demand. Improve the customer experience by offering combined options.&hellip; Continue reading Pack management\" \/>\n<meta property=\"og:url\" content=\"https:\/\/stockagile.com\/en\/pack-management\/\" \/>\n<meta property=\"og:site_name\" content=\"Stockagile\" \/>\n<meta property=\"article:modified_time\" content=\"2025-01-21T10:57:08+00:00\" \/>\n<meta property=\"og:image\" content=\"https:\/\/stockagile.com\/wp-content\/uploads\/2024\/11\/packs-mobile-es.png\" \/>\n\t<meta property=\"og:image:width\" content=\"1280\" \/>\n\t<meta property=\"og:image:height\" content=\"926\" \/>\n\t<meta property=\"og:image:type\" content=\"image\/png\" \/>\n<meta name=\"twitter:card\" content=\"summary_large_image\" \/>\n<script type=\"application\/ld+json\" class=\"yoast-schema-graph\">{\"@context\":\"https:\\\/\\\/schema.org\",\"@graph\":[{\"@type\":\"WebPage\",\"@id\":\"https:\\\/\\\/stockagile.com\\\/en\\\/pack-management\\\/\",\"url\":\"https:\\\/\\\/stockagile.com\\\/en\\\/pack-management\\\/\",\"name\":\"Pack management | Stockagile\",\"isPartOf\":{\"@id\":\"https:\\\/\\\/stockagile.com\\\/en\\\/#website\"},\"primaryImageOfPage\":{\"@id\":\"https:\\\/\\\/stockagile.com\\\/en\\\/pack-management\\\/#primaryimage\"},\"image\":{\"@id\":\"https:\\\/\\\/stockagile.com\\\/en\\\/pack-management\\\/#primaryimage\"},\"thumbnailUrl\":\"https:\\\/\\\/stockagile.com\\\/wp-content\\\/uploads\\\/2024\\\/11\\\/packs-mobile-es-1024x741.png\",\"datePublished\":\"2024-11-19T14:58:33+00:00\",\"dateModified\":\"2025-01-21T10:57:08+00:00\",\"breadcrumb\":{\"@id\":\"https:\\\/\\\/stockagile.com\\\/en\\\/pack-management\\\/#breadcrumb\"},\"inLanguage\":\"en-US\",\"potentialAction\":[{\"@type\":\"ReadAction\",\"target\":[\"https:\\\/\\\/stockagile.com\\\/en\\\/pack-management\\\/\"]}]},{\"@type\":\"ImageObject\",\"inLanguage\":\"en-US\",\"@id\":\"https:\\\/\\\/stockagile.com\\\/en\\\/pack-management\\\/#primaryimage\",\"url\":\"https:\\\/\\\/stockagile.com\\\/wp-content\\\/uploads\\\/2024\\\/11\\\/packs-mobile-es-1024x741.png\",\"contentUrl\":\"https:\\\/\\\/stockagile.com\\\/wp-content\\\/uploads\\\/2024\\\/11\\\/packs-mobile-es-1024x741.png\"},{\"@type\":\"BreadcrumbList\",\"@id\":\"https:\\\/\\\/stockagile.com\\\/en\\\/pack-management\\\/#breadcrumb\",\"itemListElement\":[{\"@type\":\"ListItem\",\"position\":1,\"name\":\"Blog\",\"item\":\"https:\\\/\\\/stockagile.com\\\/en\\\/\"},{\"@type\":\"ListItem\",\"position\":2,\"name\":\"Pack management\"}]},{\"@type\":\"WebSite\",\"@id\":\"https:\\\/\\\/stockagile.com\\\/en\\\/#website\",\"url\":\"https:\\\/\\\/stockagile.com\\\/en\\\/\",\"name\":\"Stockagile\",\"description\":\"Gesti\u00f3n \u00e1gil de marcas, tiendas y mayoristas\",\"potentialAction\":[{\"@type\":\"SearchAction\",\"target\":{\"@type\":\"EntryPoint\",\"urlTemplate\":\"https:\\\/\\\/stockagile.com\\\/en\\\/?s={search_term_string}\"},\"query-input\":{\"@type\":\"PropertyValueSpecification\",\"valueRequired\":true,\"valueName\":\"search_term_string\"}}],\"inLanguage\":\"en-US\"}]}<\/script>\n<!-- \/ Yoast SEO plugin. -->","yoast_head_json":{"title":"Pack management | Stockagile","robots":{"index":"index","follow":"follow","max-snippet":"max-snippet:-1","max-image-preview":"max-image-preview:large","max-video-preview":"max-video-preview:-1"},"canonical":"https:\/\/stockagile.com\/en\/pack-management\/","og_locale":"en_US","og_type":"article","og_title":"Pack management | Stockagile","og_description":"Creation and management of product packs It offers the possibility to create, sell and edit packs with existing products, increasing the value for your customers and improving stock rotation. Sale of products in &#8220;bundle&#8221; format to increase average ticket. Flexibility to customize and adapt packs to demand. Improve the customer experience by offering combined options.&hellip; Continue reading Pack management","og_url":"https:\/\/stockagile.com\/en\/pack-management\/","og_site_name":"Stockagile","article_modified_time":"2025-01-21T10:57:08+00:00","og_image":[{"width":1280,"height":926,"url":"https:\/\/stockagile.com\/wp-content\/uploads\/2024\/11\/packs-mobile-es.png","type":"image\/png"}],"twitter_card":"summary_large_image","schema":{"@context":"https:\/\/schema.org","@graph":[{"@type":"WebPage","@id":"https:\/\/stockagile.com\/en\/pack-management\/","url":"https:\/\/stockagile.com\/en\/pack-management\/","name":"Pack management | Stockagile","isPartOf":{"@id":"https:\/\/stockagile.com\/en\/#website"},"primaryImageOfPage":{"@id":"https:\/\/stockagile.com\/en\/pack-management\/#primaryimage"},"image":{"@id":"https:\/\/stockagile.com\/en\/pack-management\/#primaryimage"},"thumbnailUrl":"https:\/\/stockagile.com\/wp-content\/uploads\/2024\/11\/packs-mobile-es-1024x741.png","datePublished":"2024-11-19T14:58:33+00:00","dateModified":"2025-01-21T10:57:08+00:00","breadcrumb":{"@id":"https:\/\/stockagile.com\/en\/pack-management\/#breadcrumb"},"inLanguage":"en-US","potentialAction":[{"@type":"ReadAction","target":["https:\/\/stockagile.com\/en\/pack-management\/"]}]},{"@type":"ImageObject","inLanguage":"en-US","@id":"https:\/\/stockagile.com\/en\/pack-management\/#primaryimage","url":"https:\/\/stockagile.com\/wp-content\/uploads\/2024\/11\/packs-mobile-es-1024x741.png","contentUrl":"https:\/\/stockagile.com\/wp-content\/uploads\/2024\/11\/packs-mobile-es-1024x741.png"},{"@type":"BreadcrumbList","@id":"https:\/\/stockagile.com\/en\/pack-management\/#breadcrumb","itemListElement":[{"@type":"ListItem","position":1,"name":"Blog","item":"https:\/\/stockagile.com\/en\/"},{"@type":"ListItem","position":2,"name":"Pack management"}]},{"@type":"WebSite","@id":"https:\/\/stockagile.com\/en\/#website","url":"https:\/\/stockagile.com\/en\/","name":"Stockagile","description":"Gesti\u00f3n \u00e1gil de marcas, tiendas y mayoristas","potentialAction":[{"@type":"SearchAction","target":{"@type":"EntryPoint","urlTemplate":"https:\/\/stockagile.com\/en\/?s={search_term_string}"},"query-input":{"@type":"PropertyValueSpecification","valueRequired":true,"valueName":"search_term_string"}}],"inLanguage":"en-US"}]}},"_links":{"self":[{"href":"https:\/\/stockagile.com\/en\/wp-json\/wp\/v2\/pages\/19652","targetHints":{"allow":["GET"]}}],"collection":[{"href":"https:\/\/stockagile.com\/en\/wp-json\/wp\/v2\/pages"}],"about":[{"href":"https:\/\/stockagile.com\/en\/wp-json\/wp\/v2\/types\/page"}],"author":[{"embeddable":true,"href":"https:\/\/stockagile.com\/en\/wp-json\/wp\/v2\/users\/8"}],"replies":[{"embeddable":true,"href":"https:\/\/stockagile.com\/en\/wp-json\/wp\/v2\/comments?post=19652"}],"version-history":[{"count":0,"href":"https:\/\/stockagile.com\/en\/wp-json\/wp\/v2\/pages\/19652\/revisions"}],"wp:attachment":[{"href":"https:\/\/stockagile.com\/en\/wp-json\/wp\/v2\/media?parent=19652"}],"curies":[{"name":"wp","href":"https:\/\/api.w.org\/{rel}","templated":true}]}}