{"id":19653,"date":"2024-11-19T12:42:23","date_gmt":"2024-11-19T12:42:23","guid":{"rendered":"https:\/\/stockagile.com\/lot-and-series-management\/"},"modified":"2025-01-21T10:57:09","modified_gmt":"2025-01-21T10:57:09","slug":"lot-and-series-management","status":"publish","type":"page","link":"https:\/\/stockagile.com\/en\/lot-and-series-management\/","title":{"rendered":"Batch and serial management"},"content":{"rendered":"\t\t<div data-elementor-type=\"wp-page\" data-elementor-id=\"19653\" class=\"elementor elementor-19653 elementor-19178\" data-elementor-post-type=\"page\">\n\t\t\t\t<div class=\"elementor-element elementor-element-178b4f43 e-flex e-con-boxed e-con e-parent\" data-id=\"178b4f43\" data-element_type=\"container\" data-e-type=\"container\" data-settings=\"{&quot;background_background&quot;:&quot;classic&quot;}\">\n\t\t\t\t\t<div class=\"e-con-inner\">\n\t\t<div class=\"elementor-element elementor-element-16438c8f e-con-full e-flex e-con e-child\" data-id=\"16438c8f\" data-element_type=\"container\" data-e-type=\"container\">\n\t\t\t\t<div class=\"elementor-element elementor-element-1397b2dd elementor-widget elementor-widget-heading\" data-id=\"1397b2dd\" data-element_type=\"widget\" data-e-type=\"widget\" data-widget_type=\"heading.default\">\n\t\t\t\t<div class=\"elementor-widget-container\">\n\t\t\t\t\t<h1 class=\"elementor-heading-title elementor-size-default\">Batch and serial management<\/h1>\t\t\t\t<\/div>\n\t\t\t\t<\/div>\n\t\t\t\t<div class=\"elementor-element elementor-element-3e19048 elementor-hidden-desktop elementor-widget elementor-widget-image\" data-id=\"3e19048\" data-element_type=\"widget\" data-e-type=\"widget\" data-widget_type=\"image.default\">\n\t\t\t\t<div class=\"elementor-widget-container\">\n\t\t\t\t\t\t\t\t\t\t\t\t\t\t\t<img decoding=\"async\" loading=\"lazy\" width=\"750\" height=\"543\" src=\"https:\/\/stockagile.com\/wp-content\/uploads\/2024\/11\/lots-serial-numbers-mobile-es-1024x741.png\" class=\"attachment-large size-large wp-image-19395\" alt=\"\" srcset=\"https:\/\/stockagile.com\/wp-content\/uploads\/2024\/11\/lots-serial-numbers-mobile-es-1024x741.png 1024w, https:\/\/stockagile.com\/wp-content\/uploads\/2024\/11\/lots-serial-numbers-mobile-es-300x217.png 300w, https:\/\/stockagile.com\/wp-content\/uploads\/2024\/11\/lots-serial-numbers-mobile-es-150x109.png 150w, https:\/\/stockagile.com\/wp-content\/uploads\/2024\/11\/lots-serial-numbers-mobile-es-768x556.png 768w, https:\/\/stockagile.com\/wp-content\/uploads\/2024\/11\/lots-serial-numbers-mobile-es.png 1280w\" sizes=\"auto, (max-width: 750px) 100vw, 750px\" style=\"width:100%;height:72.34%;max-width:1280px\" \/>\t\t\t\t\t\t\t\t\t\t\t\t\t\t\t<\/div>\n\t\t\t\t<\/div>\n\t\t\t\t<div class=\"elementor-element elementor-element-123985f7 elementor-widget elementor-widget-text-editor\" data-id=\"123985f7\" data-element_type=\"widget\" data-e-type=\"widget\" data-widget_type=\"text-editor.default\">\n\t\t\t\t<div class=\"elementor-widget-container\">\n\t\t\t\t\t\t\t\t\t<p>Controls inventory by batch or serial number, facilitating traceability and management of products that share common characteristics.<\/p>\n\t\t\t\t\t\t\t\t<\/div>\n\t\t\t\t<\/div>\n\t\t\t\t<div class=\"elementor-element elementor-element-106f9499 elementor-icon-list--layout-traditional elementor-list-item-link-full_width elementor-widget elementor-widget-icon-list\" data-id=\"106f9499\" data-element_type=\"widget\" data-e-type=\"widget\" data-widget_type=\"icon-list.default\">\n\t\t\t\t<div class=\"elementor-widget-container\">\n\t\t\t\t\t\t\t<ul class=\"elementor-icon-list-items\">\n\t\t\t\t\t\t\t<li class=\"elementor-icon-list-item\">\n\t\t\t\t\t\t\t\t\t\t\t<span class=\"elementor-icon-list-icon\">\n\t\t\t\t\t\t\t<i aria-hidden=\"true\" class=\"far fa-check-circle\"><\/i>\t\t\t\t\t\t<\/span>\n\t\t\t\t\t\t\t\t\t\t<span class=\"elementor-icon-list-text\">Automatic creation of serial numbers when creating products.  <\/span>\n\t\t\t\t\t\t\t\t\t<\/li>\n\t\t\t\t\t\t\t\t<li class=\"elementor-icon-list-item\">\n\t\t\t\t\t\t\t\t\t\t\t<span class=\"elementor-icon-list-icon\">\n\t\t\t\t\t\t\t<i aria-hidden=\"true\" class=\"far fa-check-circle\"><\/i>\t\t\t\t\t\t<\/span>\n\t\t\t\t\t\t\t\t\t\t<span class=\"elementor-icon-list-text\">Quick identification of each unit by UID and movement history for full visibility.<\/span>\n\t\t\t\t\t\t\t\t\t<\/li>\n\t\t\t\t\t\t\t\t<li class=\"elementor-icon-list-item\">\n\t\t\t\t\t\t\t\t\t\t\t<span class=\"elementor-icon-list-icon\">\n\t\t\t\t\t\t\t<i aria-hidden=\"true\" class=\"far fa-check-circle\"><\/i>\t\t\t\t\t\t<\/span>\n\t\t\t\t\t\t\t\t\t\t<span class=\"elementor-icon-list-text\">Inventory control and recall management.<\/span>\n\t\t\t\t\t\t\t\t\t<\/li>\n\t\t\t\t\t\t<\/ul>\n\t\t\t\t\t\t<\/div>\n\t\t\t\t<\/div>\n\t\t<div class=\"elementor-element elementor-element-7ef834bb e-con-full e-flex e-con e-child\" data-id=\"7ef834bb\" data-element_type=\"container\" data-e-type=\"container\">\n\t\t\t\t<div class=\"elementor-element elementor-element-b55a998 elementor-align-center elementor-mobile-align-justify elementor-widget-mobile__width-inherit elementor-widget elementor-widget-button\" data-id=\"b55a998\" data-element_type=\"widget\" data-e-type=\"widget\" data-widget_type=\"button.default\">\n\t\t\t\t<div class=\"elementor-widget-container\">\n\t\t\t\t\t\t\t\t\t<div class=\"elementor-button-wrapper\">\n\t\t\t\t\t<a class=\"elementor-button elementor-button-link elementor-size-sm\" href=\"https:\/\/stockagile.com\/en\/all-features\/\">\n\t\t\t\t\t\t<span class=\"elementor-button-content-wrapper\">\n\t\t\t\t\t\t\t\t\t<span class=\"elementor-button-text\">See all features<\/span>\n\t\t\t\t\t<\/span>\n\t\t\t\t\t<\/a>\n\t\t\t\t<\/div>\n\t\t\t\t\t\t\t\t<\/div>\n\t\t\t\t<\/div>\n\t\t\t\t<\/div>\n\t\t\t\t<\/div>\n\t\t<div class=\"elementor-element elementor-element-3d977f48 e-con-full e-flex e-con e-child\" data-id=\"3d977f48\" data-element_type=\"container\" data-e-type=\"container\">\n\t\t\t\t<div class=\"elementor-element elementor-element-acbf63c image-full-width elementor-hidden-tablet elementor-hidden-mobile elementor-widget elementor-widget-image\" data-id=\"acbf63c\" data-element_type=\"widget\" data-e-type=\"widget\" data-widget_type=\"image.default\">\n\t\t\t\t<div class=\"elementor-widget-container\">\n\t\t\t\t\t\t\t\t\t\t\t\t\t\t\t<img decoding=\"async\" loading=\"lazy\" width=\"1280\" height=\"1297\" src=\"https:\/\/stockagile.com\/wp-content\/uploads\/2024\/11\/lots-serial-numbers-es.png\" class=\"attachment-full size-full wp-image-19222\" alt=\"Interfaz de Stockagile para la gesti\u00f3n de lotes y series. La parte superior muestra una tabla con variantes, lotes, almacenes, cantidades y fechas de caducidad. A la izquierda, una secci\u00f3n de configuraci\u00f3n de existencias incluye opciones para gestionar UIDs y lotes, con la pol\u00edtica FEFO destacada. En la parte inferior derecha, un formulario para crear un lote permite ingresar detalles como almac\u00e9n, variante, lote\/serie, caducidad, cantidad y movimiento.\" srcset=\"https:\/\/stockagile.com\/wp-content\/uploads\/2024\/11\/lots-serial-numbers-es.png 1280w, https:\/\/stockagile.com\/wp-content\/uploads\/2024\/11\/lots-serial-numbers-es-296x300.png 296w, https:\/\/stockagile.com\/wp-content\/uploads\/2024\/11\/lots-serial-numbers-es-1011x1024.png 1011w, https:\/\/stockagile.com\/wp-content\/uploads\/2024\/11\/lots-serial-numbers-es-148x150.png 148w, https:\/\/stockagile.com\/wp-content\/uploads\/2024\/11\/lots-serial-numbers-es-768x778.png 768w\" sizes=\"auto, (max-width: 1280px) 100vw, 1280px\" style=\"width:100%;height:101.33%;max-width:1280px\" \/>\t\t\t\t\t\t\t\t\t\t\t\t\t\t\t<\/div>\n\t\t\t\t<\/div>\n\t\t\t\t<\/div>\n\t\t\t\t\t<\/div>\n\t\t\t\t<\/div>\n\t\t\t\t<\/div>\n\t\t","protected":false},"excerpt":{"rendered":"<p>Batch and serial management Controls inventory by batch or serial number, facilitating traceability and management of products that share common characteristics. Automatic creation of serial numbers when creating products. Quick identification of each unit by UID and movement history for full visibility. Inventory control and recall management. See all features<\/p>\n","protected":false},"author":8,"featured_media":0,"parent":0,"menu_order":0,"comment_status":"closed","ping_status":"closed","template":"","meta":{"footnotes":""},"class_list":["post-19653","page","type-page","status-publish","hentry","entry"],"yoast_head":"<!-- This site is optimized with the Yoast SEO plugin v27.3 - https:\/\/yoast.com\/product\/yoast-seo-wordpress\/ -->\n<title>Batch and serial management | Stockagile<\/title>\n<meta name=\"robots\" content=\"index, follow, max-snippet:-1, max-image-preview:large, max-video-preview:-1\" \/>\n<link rel=\"canonical\" href=\"https:\/\/stockagile.com\/en\/lot-and-series-management\/\" \/>\n<meta property=\"og:locale\" content=\"en_US\" \/>\n<meta property=\"og:type\" content=\"article\" \/>\n<meta property=\"og:title\" content=\"Batch and serial management | Stockagile\" \/>\n<meta property=\"og:description\" content=\"Batch and serial management Controls inventory by batch or serial number, facilitating traceability and management of products that share common characteristics. Automatic creation of serial numbers when creating products. Quick identification of each unit by UID and movement history for full visibility. Inventory control and recall management. See all features\" \/>\n<meta property=\"og:url\" content=\"https:\/\/stockagile.com\/en\/lot-and-series-management\/\" \/>\n<meta property=\"og:site_name\" content=\"Stockagile\" \/>\n<meta property=\"article:modified_time\" content=\"2025-01-21T10:57:09+00:00\" \/>\n<meta property=\"og:image\" content=\"https:\/\/stockagile.com\/wp-content\/uploads\/2024\/11\/lots-serial-numbers-mobile-es.png\" \/>\n\t<meta property=\"og:image:width\" content=\"1280\" \/>\n\t<meta property=\"og:image:height\" content=\"926\" \/>\n\t<meta property=\"og:image:type\" content=\"image\/png\" \/>\n<meta name=\"twitter:card\" content=\"summary_large_image\" \/>\n<script type=\"application\/ld+json\" class=\"yoast-schema-graph\">{\"@context\":\"https:\\\/\\\/schema.org\",\"@graph\":[{\"@type\":\"WebPage\",\"@id\":\"https:\\\/\\\/stockagile.com\\\/en\\\/lot-and-series-management\\\/\",\"url\":\"https:\\\/\\\/stockagile.com\\\/en\\\/lot-and-series-management\\\/\",\"name\":\"Batch and serial management | Stockagile\",\"isPartOf\":{\"@id\":\"https:\\\/\\\/stockagile.com\\\/en\\\/#website\"},\"primaryImageOfPage\":{\"@id\":\"https:\\\/\\\/stockagile.com\\\/en\\\/lot-and-series-management\\\/#primaryimage\"},\"image\":{\"@id\":\"https:\\\/\\\/stockagile.com\\\/en\\\/lot-and-series-management\\\/#primaryimage\"},\"thumbnailUrl\":\"https:\\\/\\\/stockagile.com\\\/wp-content\\\/uploads\\\/2024\\\/11\\\/lots-serial-numbers-mobile-es-1024x741.png\",\"datePublished\":\"2024-11-19T12:42:23+00:00\",\"dateModified\":\"2025-01-21T10:57:09+00:00\",\"breadcrumb\":{\"@id\":\"https:\\\/\\\/stockagile.com\\\/en\\\/lot-and-series-management\\\/#breadcrumb\"},\"inLanguage\":\"en-US\",\"potentialAction\":[{\"@type\":\"ReadAction\",\"target\":[\"https:\\\/\\\/stockagile.com\\\/en\\\/lot-and-series-management\\\/\"]}]},{\"@type\":\"ImageObject\",\"inLanguage\":\"en-US\",\"@id\":\"https:\\\/\\\/stockagile.com\\\/en\\\/lot-and-series-management\\\/#primaryimage\",\"url\":\"https:\\\/\\\/stockagile.com\\\/wp-content\\\/uploads\\\/2024\\\/11\\\/lots-serial-numbers-mobile-es-1024x741.png\",\"contentUrl\":\"https:\\\/\\\/stockagile.com\\\/wp-content\\\/uploads\\\/2024\\\/11\\\/lots-serial-numbers-mobile-es-1024x741.png\"},{\"@type\":\"BreadcrumbList\",\"@id\":\"https:\\\/\\\/stockagile.com\\\/en\\\/lot-and-series-management\\\/#breadcrumb\",\"itemListElement\":[{\"@type\":\"ListItem\",\"position\":1,\"name\":\"Blog\",\"item\":\"https:\\\/\\\/stockagile.com\\\/en\\\/\"},{\"@type\":\"ListItem\",\"position\":2,\"name\":\"Batch and serial management\"}]},{\"@type\":\"WebSite\",\"@id\":\"https:\\\/\\\/stockagile.com\\\/en\\\/#website\",\"url\":\"https:\\\/\\\/stockagile.com\\\/en\\\/\",\"name\":\"Stockagile\",\"description\":\"Gesti\u00f3n \u00e1gil de marcas, tiendas y mayoristas\",\"potentialAction\":[{\"@type\":\"SearchAction\",\"target\":{\"@type\":\"EntryPoint\",\"urlTemplate\":\"https:\\\/\\\/stockagile.com\\\/en\\\/?s={search_term_string}\"},\"query-input\":{\"@type\":\"PropertyValueSpecification\",\"valueRequired\":true,\"valueName\":\"search_term_string\"}}],\"inLanguage\":\"en-US\"}]}<\/script>\n<!-- \/ Yoast SEO plugin. -->","yoast_head_json":{"title":"Batch and serial management | Stockagile","robots":{"index":"index","follow":"follow","max-snippet":"max-snippet:-1","max-image-preview":"max-image-preview:large","max-video-preview":"max-video-preview:-1"},"canonical":"https:\/\/stockagile.com\/en\/lot-and-series-management\/","og_locale":"en_US","og_type":"article","og_title":"Batch and serial management | Stockagile","og_description":"Batch and serial management Controls inventory by batch or serial number, facilitating traceability and management of products that share common characteristics. Automatic creation of serial numbers when creating products. Quick identification of each unit by UID and movement history for full visibility. Inventory control and recall management. See all features","og_url":"https:\/\/stockagile.com\/en\/lot-and-series-management\/","og_site_name":"Stockagile","article_modified_time":"2025-01-21T10:57:09+00:00","og_image":[{"width":1280,"height":926,"url":"https:\/\/stockagile.com\/wp-content\/uploads\/2024\/11\/lots-serial-numbers-mobile-es.png","type":"image\/png"}],"twitter_card":"summary_large_image","schema":{"@context":"https:\/\/schema.org","@graph":[{"@type":"WebPage","@id":"https:\/\/stockagile.com\/en\/lot-and-series-management\/","url":"https:\/\/stockagile.com\/en\/lot-and-series-management\/","name":"Batch and serial management | Stockagile","isPartOf":{"@id":"https:\/\/stockagile.com\/en\/#website"},"primaryImageOfPage":{"@id":"https:\/\/stockagile.com\/en\/lot-and-series-management\/#primaryimage"},"image":{"@id":"https:\/\/stockagile.com\/en\/lot-and-series-management\/#primaryimage"},"thumbnailUrl":"https:\/\/stockagile.com\/wp-content\/uploads\/2024\/11\/lots-serial-numbers-mobile-es-1024x741.png","datePublished":"2024-11-19T12:42:23+00:00","dateModified":"2025-01-21T10:57:09+00:00","breadcrumb":{"@id":"https:\/\/stockagile.com\/en\/lot-and-series-management\/#breadcrumb"},"inLanguage":"en-US","potentialAction":[{"@type":"ReadAction","target":["https:\/\/stockagile.com\/en\/lot-and-series-management\/"]}]},{"@type":"ImageObject","inLanguage":"en-US","@id":"https:\/\/stockagile.com\/en\/lot-and-series-management\/#primaryimage","url":"https:\/\/stockagile.com\/wp-content\/uploads\/2024\/11\/lots-serial-numbers-mobile-es-1024x741.png","contentUrl":"https:\/\/stockagile.com\/wp-content\/uploads\/2024\/11\/lots-serial-numbers-mobile-es-1024x741.png"},{"@type":"BreadcrumbList","@id":"https:\/\/stockagile.com\/en\/lot-and-series-management\/#breadcrumb","itemListElement":[{"@type":"ListItem","position":1,"name":"Blog","item":"https:\/\/stockagile.com\/en\/"},{"@type":"ListItem","position":2,"name":"Batch and serial management"}]},{"@type":"WebSite","@id":"https:\/\/stockagile.com\/en\/#website","url":"https:\/\/stockagile.com\/en\/","name":"Stockagile","description":"Gesti\u00f3n \u00e1gil de marcas, tiendas y mayoristas","potentialAction":[{"@type":"SearchAction","target":{"@type":"EntryPoint","urlTemplate":"https:\/\/stockagile.com\/en\/?s={search_term_string}"},"query-input":{"@type":"PropertyValueSpecification","valueRequired":true,"valueName":"search_term_string"}}],"inLanguage":"en-US"}]}},"_links":{"self":[{"href":"https:\/\/stockagile.com\/en\/wp-json\/wp\/v2\/pages\/19653","targetHints":{"allow":["GET"]}}],"collection":[{"href":"https:\/\/stockagile.com\/en\/wp-json\/wp\/v2\/pages"}],"about":[{"href":"https:\/\/stockagile.com\/en\/wp-json\/wp\/v2\/types\/page"}],"author":[{"embeddable":true,"href":"https:\/\/stockagile.com\/en\/wp-json\/wp\/v2\/users\/8"}],"replies":[{"embeddable":true,"href":"https:\/\/stockagile.com\/en\/wp-json\/wp\/v2\/comments?post=19653"}],"version-history":[{"count":0,"href":"https:\/\/stockagile.com\/en\/wp-json\/wp\/v2\/pages\/19653\/revisions"}],"wp:attachment":[{"href":"https:\/\/stockagile.com\/en\/wp-json\/wp\/v2\/media?parent=19653"}],"curies":[{"name":"wp","href":"https:\/\/api.w.org\/{rel}","templated":true}]}}