{"id":19656,"date":"2024-11-19T11:43:55","date_gmt":"2024-11-19T11:43:55","guid":{"rendered":"https:\/\/stockagile.com\/picking-and-packing\/"},"modified":"2025-01-21T10:57:09","modified_gmt":"2025-01-21T10:57:09","slug":"picking-and-packing","status":"publish","type":"page","link":"https:\/\/stockagile.com\/en\/picking-and-packing\/","title":{"rendered":"Picking and Packing"},"content":{"rendered":"\t\t<div data-elementor-type=\"wp-page\" data-elementor-id=\"19656\" class=\"elementor elementor-19656 elementor-19175\" data-elementor-post-type=\"page\">\n\t\t\t\t<div class=\"elementor-element elementor-element-34ed448b e-flex e-con-boxed e-con e-parent\" data-id=\"34ed448b\" data-element_type=\"container\" data-e-type=\"container\" data-settings=\"{&quot;background_background&quot;:&quot;classic&quot;}\">\n\t\t\t\t\t<div class=\"e-con-inner\">\n\t\t<div class=\"elementor-element elementor-element-4c58ec93 e-con-full e-flex e-con e-child\" data-id=\"4c58ec93\" data-element_type=\"container\" data-e-type=\"container\">\n\t\t\t\t<div class=\"elementor-element elementor-element-4f05c31 elementor-widget elementor-widget-heading\" data-id=\"4f05c31\" data-element_type=\"widget\" data-e-type=\"widget\" data-widget_type=\"heading.default\">\n\t\t\t\t<div class=\"elementor-widget-container\">\n\t\t\t\t\t<h1 class=\"elementor-heading-title elementor-size-default\">Picking and Packing Optimization<\/h1>\t\t\t\t<\/div>\n\t\t\t\t<\/div>\n\t\t\t\t<div class=\"elementor-element elementor-element-842eea5 elementor-hidden-desktop elementor-widget elementor-widget-image\" data-id=\"842eea5\" data-element_type=\"widget\" data-e-type=\"widget\" data-widget_type=\"image.default\">\n\t\t\t\t<div class=\"elementor-widget-container\">\n\t\t\t\t\t\t\t\t\t\t\t\t\t\t\t<img decoding=\"async\" loading=\"lazy\" width=\"750\" height=\"543\" src=\"https:\/\/stockagile.com\/wp-content\/uploads\/2024\/11\/picking-packing-mobile-es-1024x741.png\" class=\"attachment-large size-large wp-image-19393\" alt=\"\" srcset=\"https:\/\/stockagile.com\/wp-content\/uploads\/2024\/11\/picking-packing-mobile-es-1024x741.png 1024w, https:\/\/stockagile.com\/wp-content\/uploads\/2024\/11\/picking-packing-mobile-es-300x217.png 300w, https:\/\/stockagile.com\/wp-content\/uploads\/2024\/11\/picking-packing-mobile-es-150x109.png 150w, https:\/\/stockagile.com\/wp-content\/uploads\/2024\/11\/picking-packing-mobile-es-768x556.png 768w, https:\/\/stockagile.com\/wp-content\/uploads\/2024\/11\/picking-packing-mobile-es.png 1280w\" sizes=\"auto, (max-width: 750px) 100vw, 750px\" style=\"width:100%;height:72.34%;max-width:1280px\" \/>\t\t\t\t\t\t\t\t\t\t\t\t\t\t\t<\/div>\n\t\t\t\t<\/div>\n\t\t\t\t<div class=\"elementor-element elementor-element-6017fa46 elementor-widget elementor-widget-text-editor\" data-id=\"6017fa46\" data-element_type=\"widget\" data-e-type=\"widget\" data-widget_type=\"text-editor.default\">\n\t\t\t\t<div class=\"elementor-widget-container\">\n\t\t\t\t\t\t\t\t\t<p>Accelerate order picking using automated rules for warehouse routing and improve operational efficiency.<\/p>\n\t\t\t\t\t\t\t\t<\/div>\n\t\t\t\t<\/div>\n\t\t\t\t<div class=\"elementor-element elementor-element-1492b324 elementor-icon-list--layout-traditional elementor-list-item-link-full_width elementor-widget elementor-widget-icon-list\" data-id=\"1492b324\" data-element_type=\"widget\" data-e-type=\"widget\" data-widget_type=\"icon-list.default\">\n\t\t\t\t<div class=\"elementor-widget-container\">\n\t\t\t\t\t\t\t<ul class=\"elementor-icon-list-items\">\n\t\t\t\t\t\t\t<li class=\"elementor-icon-list-item\">\n\t\t\t\t\t\t\t\t\t\t\t<span class=\"elementor-icon-list-icon\">\n\t\t\t\t\t\t\t<i aria-hidden=\"true\" class=\"far fa-check-circle\"><\/i>\t\t\t\t\t\t<\/span>\n\t\t\t\t\t\t\t\t\t\t<span class=\"elementor-icon-list-text\">Warehouse routing optimization and barcode scanning to ensure order accuracy.<\/span>\n\t\t\t\t\t\t\t\t\t<\/li>\n\t\t\t\t\t\t\t\t<li class=\"elementor-icon-list-item\">\n\t\t\t\t\t\t\t\t\t\t\t<span class=\"elementor-icon-list-icon\">\n\t\t\t\t\t\t\t<i aria-hidden=\"true\" class=\"far fa-check-circle\"><\/i>\t\t\t\t\t\t<\/span>\n\t\t\t\t\t\t\t\t\t\t<span class=\"elementor-icon-list-text\">Predefined packing types, package selection and option to use volumetric weight as required.<\/span>\n\t\t\t\t\t\t\t\t\t<\/li>\n\t\t\t\t\t\t\t\t<li class=\"elementor-icon-list-item\">\n\t\t\t\t\t\t\t\t\t\t\t<span class=\"elementor-icon-list-icon\">\n\t\t\t\t\t\t\t<i aria-hidden=\"true\" class=\"far fa-check-circle\"><\/i>\t\t\t\t\t\t<\/span>\n\t\t\t\t\t\t\t\t\t\t<span class=\"elementor-icon-list-text\">  Print packing slips together with labels and choose from the shipping rules configured in Sendcloud or predefined in the order.<\/span>\n\t\t\t\t\t\t\t\t\t<\/li>\n\t\t\t\t\t\t<\/ul>\n\t\t\t\t\t\t<\/div>\n\t\t\t\t<\/div>\n\t\t<div class=\"elementor-element elementor-element-24cf69f5 e-con-full e-flex e-con e-child\" data-id=\"24cf69f5\" data-element_type=\"container\" data-e-type=\"container\">\n\t\t\t\t<div class=\"elementor-element elementor-element-245aa764 elementor-align-center elementor-mobile-align-justify elementor-widget-mobile__width-inherit elementor-widget elementor-widget-button\" data-id=\"245aa764\" data-element_type=\"widget\" data-e-type=\"widget\" data-widget_type=\"button.default\">\n\t\t\t\t<div class=\"elementor-widget-container\">\n\t\t\t\t\t\t\t\t\t<div class=\"elementor-button-wrapper\">\n\t\t\t\t\t<a class=\"elementor-button elementor-button-link elementor-size-sm\" href=\"https:\/\/stockagile.com\/en\/all-features\/\">\n\t\t\t\t\t\t<span class=\"elementor-button-content-wrapper\">\n\t\t\t\t\t\t\t\t\t<span class=\"elementor-button-text\">See all features<\/span>\n\t\t\t\t\t<\/span>\n\t\t\t\t\t<\/a>\n\t\t\t\t<\/div>\n\t\t\t\t\t\t\t\t<\/div>\n\t\t\t\t<\/div>\n\t\t\t\t<\/div>\n\t\t\t\t<\/div>\n\t\t<div class=\"elementor-element elementor-element-67d5897e e-con-full e-flex e-con e-child\" data-id=\"67d5897e\" data-element_type=\"container\" data-e-type=\"container\">\n\t\t\t\t<div class=\"elementor-element elementor-element-87ac76f image-full-width elementor-hidden-tablet elementor-hidden-mobile elementor-widget elementor-widget-image\" data-id=\"87ac76f\" data-element_type=\"widget\" data-e-type=\"widget\" data-widget_type=\"image.default\">\n\t\t\t\t<div class=\"elementor-widget-container\">\n\t\t\t\t\t\t\t\t\t\t\t\t\t\t\t<img decoding=\"async\" loading=\"lazy\" width=\"1280\" height=\"1297\" src=\"https:\/\/stockagile.com\/wp-content\/uploads\/2024\/11\/picking-packing-es.png\" class=\"attachment-full size-full wp-image-19220\" alt=\"Interfaz de Stockagile para la gesti\u00f3n de pedidos y picking. La parte superior muestra un pedido reservado con detalles como producto (&#039;Camisa Lila Mujer&#039;), cantidad, peso, total y m\u00e9todo de env\u00edo. La parte inferior izquierda enumera el estado de varios pedidos por canal. A la derecha, una pantalla m\u00f3vil de picking detalla la preparaci\u00f3n de un pedido pendiente con visualizaci\u00f3n del producto y estado actualizado.\" srcset=\"https:\/\/stockagile.com\/wp-content\/uploads\/2024\/11\/picking-packing-es.png 1280w, https:\/\/stockagile.com\/wp-content\/uploads\/2024\/11\/picking-packing-es-296x300.png 296w, https:\/\/stockagile.com\/wp-content\/uploads\/2024\/11\/picking-packing-es-1011x1024.png 1011w, https:\/\/stockagile.com\/wp-content\/uploads\/2024\/11\/picking-packing-es-148x150.png 148w, https:\/\/stockagile.com\/wp-content\/uploads\/2024\/11\/picking-packing-es-768x778.png 768w\" sizes=\"auto, (max-width: 1280px) 100vw, 1280px\" style=\"width:100%;height:101.33%;max-width:1280px\" \/>\t\t\t\t\t\t\t\t\t\t\t\t\t\t\t<\/div>\n\t\t\t\t<\/div>\n\t\t\t\t<\/div>\n\t\t\t\t\t<\/div>\n\t\t\t\t<\/div>\n\t\t\t\t<\/div>\n\t\t","protected":false},"excerpt":{"rendered":"<p>Picking and Packing Optimization Accelerate order picking using automated rules for warehouse routing and improve operational efficiency. Warehouse routing optimization and barcode scanning to ensure order accuracy. Predefined packing types, package selection and option to use volumetric weight as required. Print packing slips together with labels and choose from the shipping rules configured in Sendcloud&hellip; <a class=\"more-link\" href=\"https:\/\/stockagile.com\/en\/picking-and-packing\/\">Continue reading <span class=\"screen-reader-text\">Picking and Packing<\/span><\/a><\/p>\n","protected":false},"author":8,"featured_media":0,"parent":0,"menu_order":0,"comment_status":"closed","ping_status":"closed","template":"","meta":{"footnotes":""},"class_list":["post-19656","page","type-page","status-publish","hentry","entry"],"yoast_head":"<!-- This site is optimized with the Yoast SEO plugin v27.5 - https:\/\/yoast.com\/product\/yoast-seo-wordpress\/ -->\n<title>Picking and Packing | Stockagile<\/title>\n<meta name=\"robots\" content=\"index, follow, max-snippet:-1, max-image-preview:large, max-video-preview:-1\" \/>\n<link rel=\"canonical\" href=\"https:\/\/stockagile.com\/en\/picking-and-packing\/\" \/>\n<meta property=\"og:locale\" content=\"en_US\" \/>\n<meta property=\"og:type\" content=\"article\" \/>\n<meta property=\"og:title\" content=\"Picking and Packing | Stockagile\" \/>\n<meta property=\"og:description\" content=\"Picking and Packing Optimization Accelerate order picking using automated rules for warehouse routing and improve operational efficiency. Warehouse routing optimization and barcode scanning to ensure order accuracy. Predefined packing types, package selection and option to use volumetric weight as required. Print packing slips together with labels and choose from the shipping rules configured in Sendcloud&hellip; Continue reading Picking and Packing\" \/>\n<meta property=\"og:url\" content=\"https:\/\/stockagile.com\/en\/picking-and-packing\/\" \/>\n<meta property=\"og:site_name\" content=\"Stockagile\" \/>\n<meta property=\"article:modified_time\" content=\"2025-01-21T10:57:09+00:00\" \/>\n<meta property=\"og:image\" content=\"https:\/\/stockagile.com\/wp-content\/uploads\/2024\/11\/picking-packing-mobile-es.png\" \/>\n\t<meta property=\"og:image:width\" content=\"1280\" \/>\n\t<meta property=\"og:image:height\" content=\"926\" \/>\n\t<meta property=\"og:image:type\" content=\"image\/png\" \/>\n<meta name=\"twitter:card\" content=\"summary_large_image\" \/>\n<script type=\"application\/ld+json\" class=\"yoast-schema-graph\">{\"@context\":\"https:\\\/\\\/schema.org\",\"@graph\":[{\"@type\":\"WebPage\",\"@id\":\"https:\\\/\\\/stockagile.com\\\/en\\\/picking-and-packing\\\/\",\"url\":\"https:\\\/\\\/stockagile.com\\\/en\\\/picking-and-packing\\\/\",\"name\":\"Picking and Packing | Stockagile\",\"isPartOf\":{\"@id\":\"https:\\\/\\\/stockagile.com\\\/en\\\/#website\"},\"primaryImageOfPage\":{\"@id\":\"https:\\\/\\\/stockagile.com\\\/en\\\/picking-and-packing\\\/#primaryimage\"},\"image\":{\"@id\":\"https:\\\/\\\/stockagile.com\\\/en\\\/picking-and-packing\\\/#primaryimage\"},\"thumbnailUrl\":\"https:\\\/\\\/stockagile.com\\\/wp-content\\\/uploads\\\/2024\\\/11\\\/picking-packing-mobile-es-1024x741.png\",\"datePublished\":\"2024-11-19T11:43:55+00:00\",\"dateModified\":\"2025-01-21T10:57:09+00:00\",\"breadcrumb\":{\"@id\":\"https:\\\/\\\/stockagile.com\\\/en\\\/picking-and-packing\\\/#breadcrumb\"},\"inLanguage\":\"en-US\",\"potentialAction\":[{\"@type\":\"ReadAction\",\"target\":[\"https:\\\/\\\/stockagile.com\\\/en\\\/picking-and-packing\\\/\"]}]},{\"@type\":\"ImageObject\",\"inLanguage\":\"en-US\",\"@id\":\"https:\\\/\\\/stockagile.com\\\/en\\\/picking-and-packing\\\/#primaryimage\",\"url\":\"https:\\\/\\\/stockagile.com\\\/wp-content\\\/uploads\\\/2024\\\/11\\\/picking-packing-mobile-es-1024x741.png\",\"contentUrl\":\"https:\\\/\\\/stockagile.com\\\/wp-content\\\/uploads\\\/2024\\\/11\\\/picking-packing-mobile-es-1024x741.png\"},{\"@type\":\"BreadcrumbList\",\"@id\":\"https:\\\/\\\/stockagile.com\\\/en\\\/picking-and-packing\\\/#breadcrumb\",\"itemListElement\":[{\"@type\":\"ListItem\",\"position\":1,\"name\":\"Blog\",\"item\":\"https:\\\/\\\/stockagile.com\\\/en\\\/\"},{\"@type\":\"ListItem\",\"position\":2,\"name\":\"Picking and Packing\"}]},{\"@type\":\"WebSite\",\"@id\":\"https:\\\/\\\/stockagile.com\\\/en\\\/#website\",\"url\":\"https:\\\/\\\/stockagile.com\\\/en\\\/\",\"name\":\"Stockagile\",\"description\":\"Gesti\u00f3n \u00e1gil de marcas, tiendas y mayoristas\",\"potentialAction\":[{\"@type\":\"SearchAction\",\"target\":{\"@type\":\"EntryPoint\",\"urlTemplate\":\"https:\\\/\\\/stockagile.com\\\/en\\\/?s={search_term_string}\"},\"query-input\":{\"@type\":\"PropertyValueSpecification\",\"valueRequired\":true,\"valueName\":\"search_term_string\"}}],\"inLanguage\":\"en-US\"}]}<\/script>\n<!-- \/ Yoast SEO plugin. -->","yoast_head_json":{"title":"Picking and Packing | Stockagile","robots":{"index":"index","follow":"follow","max-snippet":"max-snippet:-1","max-image-preview":"max-image-preview:large","max-video-preview":"max-video-preview:-1"},"canonical":"https:\/\/stockagile.com\/en\/picking-and-packing\/","og_locale":"en_US","og_type":"article","og_title":"Picking and Packing | Stockagile","og_description":"Picking and Packing Optimization Accelerate order picking using automated rules for warehouse routing and improve operational efficiency. Warehouse routing optimization and barcode scanning to ensure order accuracy. Predefined packing types, package selection and option to use volumetric weight as required. Print packing slips together with labels and choose from the shipping rules configured in Sendcloud&hellip; Continue reading Picking and Packing","og_url":"https:\/\/stockagile.com\/en\/picking-and-packing\/","og_site_name":"Stockagile","article_modified_time":"2025-01-21T10:57:09+00:00","og_image":[{"width":1280,"height":926,"url":"https:\/\/stockagile.com\/wp-content\/uploads\/2024\/11\/picking-packing-mobile-es.png","type":"image\/png"}],"twitter_card":"summary_large_image","schema":{"@context":"https:\/\/schema.org","@graph":[{"@type":"WebPage","@id":"https:\/\/stockagile.com\/en\/picking-and-packing\/","url":"https:\/\/stockagile.com\/en\/picking-and-packing\/","name":"Picking and Packing | Stockagile","isPartOf":{"@id":"https:\/\/stockagile.com\/en\/#website"},"primaryImageOfPage":{"@id":"https:\/\/stockagile.com\/en\/picking-and-packing\/#primaryimage"},"image":{"@id":"https:\/\/stockagile.com\/en\/picking-and-packing\/#primaryimage"},"thumbnailUrl":"https:\/\/stockagile.com\/wp-content\/uploads\/2024\/11\/picking-packing-mobile-es-1024x741.png","datePublished":"2024-11-19T11:43:55+00:00","dateModified":"2025-01-21T10:57:09+00:00","breadcrumb":{"@id":"https:\/\/stockagile.com\/en\/picking-and-packing\/#breadcrumb"},"inLanguage":"en-US","potentialAction":[{"@type":"ReadAction","target":["https:\/\/stockagile.com\/en\/picking-and-packing\/"]}]},{"@type":"ImageObject","inLanguage":"en-US","@id":"https:\/\/stockagile.com\/en\/picking-and-packing\/#primaryimage","url":"https:\/\/stockagile.com\/wp-content\/uploads\/2024\/11\/picking-packing-mobile-es-1024x741.png","contentUrl":"https:\/\/stockagile.com\/wp-content\/uploads\/2024\/11\/picking-packing-mobile-es-1024x741.png"},{"@type":"BreadcrumbList","@id":"https:\/\/stockagile.com\/en\/picking-and-packing\/#breadcrumb","itemListElement":[{"@type":"ListItem","position":1,"name":"Blog","item":"https:\/\/stockagile.com\/en\/"},{"@type":"ListItem","position":2,"name":"Picking and Packing"}]},{"@type":"WebSite","@id":"https:\/\/stockagile.com\/en\/#website","url":"https:\/\/stockagile.com\/en\/","name":"Stockagile","description":"Gesti\u00f3n \u00e1gil de marcas, tiendas y mayoristas","potentialAction":[{"@type":"SearchAction","target":{"@type":"EntryPoint","urlTemplate":"https:\/\/stockagile.com\/en\/?s={search_term_string}"},"query-input":{"@type":"PropertyValueSpecification","valueRequired":true,"valueName":"search_term_string"}}],"inLanguage":"en-US"}]}},"_links":{"self":[{"href":"https:\/\/stockagile.com\/en\/wp-json\/wp\/v2\/pages\/19656","targetHints":{"allow":["GET"]}}],"collection":[{"href":"https:\/\/stockagile.com\/en\/wp-json\/wp\/v2\/pages"}],"about":[{"href":"https:\/\/stockagile.com\/en\/wp-json\/wp\/v2\/types\/page"}],"author":[{"embeddable":true,"href":"https:\/\/stockagile.com\/en\/wp-json\/wp\/v2\/users\/8"}],"replies":[{"embeddable":true,"href":"https:\/\/stockagile.com\/en\/wp-json\/wp\/v2\/comments?post=19656"}],"version-history":[{"count":0,"href":"https:\/\/stockagile.com\/en\/wp-json\/wp\/v2\/pages\/19656\/revisions"}],"wp:attachment":[{"href":"https:\/\/stockagile.com\/en\/wp-json\/wp\/v2\/media?parent=19656"}],"curies":[{"name":"wp","href":"https:\/\/api.w.org\/{rel}","templated":true}]}}